{"id":5392,"date":"2023-09-20T09:22:10","date_gmt":"2023-09-20T07:22:10","guid":{"rendered":"https:\/\/nersc.no\/?page_id=5392"},"modified":"2025-10-10T10:27:14","modified_gmt":"2025-10-10T08:27:14","slug":"the-nansen-center","status":"publish","type":"page","link":"https:\/\/nersc.no\/en\/the-nansen-center\/","title":{"rendered":"The Nansen Center"},"content":{"rendered":"<div class=\"wpb-content-wrapper\"><p>[vc_section css=&#8221;.vc_custom_1669014075681{background-color: #ffffff !important;}&#8221; el_class=&#8221;full-image&#8221;][vc_row][vc_column]\n\t\t\t<figure class=\"standard-image fill no-caption left\">\n\t\t\t\t<img loading=\"lazy\" decoding=\"async\" width=\"2560\" height=\"865\" src=\"https:\/\/nersc.no\/wp-content\/uploads\/2023\/10\/utvalg3-scaled.jpg\" class=\"attachment-img-xxl size-img-xxl\" alt=\"\" srcset=\"https:\/\/nersc.no\/wp-content\/uploads\/2023\/10\/utvalg3-scaled.jpg 2560w, https:\/\/nersc.no\/wp-content\/uploads\/2023\/10\/utvalg3-300x101.jpg 300w, https:\/\/nersc.no\/wp-content\/uploads\/2023\/10\/utvalg3-1024x346.jpg 1024w, https:\/\/nersc.no\/wp-content\/uploads\/2023\/10\/utvalg3-768x259.jpg 768w, https:\/\/nersc.no\/wp-content\/uploads\/2023\/10\/utvalg3-1536x519.jpg 1536w, https:\/\/nersc.no\/wp-content\/uploads\/2023\/10\/utvalg3-2048x692.jpg 2048w, https:\/\/nersc.no\/wp-content\/uploads\/2023\/10\/utvalg3-520x176.jpg 520w, https:\/\/nersc.no\/wp-content\/uploads\/2023\/10\/utvalg3-800x270.jpg 800w, https:\/\/nersc.no\/wp-content\/uploads\/2023\/10\/utvalg3-1600x540.jpg 1600w, https:\/\/nersc.no\/wp-content\/uploads\/2023\/10\/utvalg3-1920x648.jpg 1920w\" sizes=\"auto, (max-width: 2560px) 100vw, 2560px\" \/>\n\t\t\t\t\n\t\t\t<\/figure>[\/vc_column][\/vc_row][vc_row][vc_column width=&#8221;1\/6&#8243;][\/vc_column][vc_column width=&#8221;2\/3&#8243;]<div class=\"header center  \"><h1 class=\"heading-2\" title=\"The Nansen Center\">The Nansen Center<\/h1><\/div>[vc_column_text]<\/p>\n<p style=\"text-align: center;\">The Nansen Center is a Norwegian environmental institute, organised as an independent foundation. Our core activity is research and development directed at physical and biological conditions in our near sea areas, in the Arctic, and globally. In our research work, we use data from direct measurements and from satellites, and advanced models and methods to understand and forecast changes in the marine environment and climate.<\/p>\n<p>[\/vc_column_text]<div class=\"spacer\" style=\"--space-sm: 30px;--space-md: 30px;--space-lg: 30px;--space-xl: 30px;\"><\/div>[\/vc_column][vc_column width=&#8221;1\/6&#8243;][\/vc_column][\/vc_row][\/vc_section][vc_row][vc_column]<div class=\"spacer\" style=\"--space-sm: 30px;--space-md: 30px;--space-lg: 30px;--space-xl: 30px;\"><\/div>[\/vc_column][\/vc_row][vc_row el_id=&#8221;aboutus&#8221;][vc_column]<div class='row infobox-wapper image-align-right'>\t<div class='col-lg-9 col-md-9 col-sm-12 left'>\t\t<div class=\"infobox white\">\n<h3><strong>About us<\/strong><\/h3>\n<p>We conduct research on ocean, sea-ice, and atmospheric conditions in the North Atlantic and in the Arctic, study connections with global climate change, and aim to deliver ground-breaking results in climate and environmental research.<\/p>\n<p>The Nansen Center&#8217;s vision is to be a pioneer in environmental and climate research. We have extensive national and international research collaborations and have also initiated the establishment of five international Nansen centers to promote international competence development and knowledge exchange. Through our activities, business, the public sector, and other interested parties will get access to relevant and freely available research services of a high international quality. We further contribute to researcher training through guidance and courses, guest researcher exchange, and through the employment of doctoral fellows and young researchers.<\/p>\n<p>The center is project-financed via national and international research councils, space organisations and agencies, the European Commission, and private research funds, and it receives basic funding from the Norwegian Ministry of Climate and Environment.<\/p>\n<p>The Nansen Center was established in Bergen, Norway, in 1986 and is now employing around 70 people from more than 20 different countries.<\/p><\/div>\t<\/div>\t<div class='col-lg-3 col-md-3 col-sm-12 right'>\t    <img loading=\"lazy\" decoding=\"async\" width=\"920\" height=\"960\" src=\"https:\/\/nersc.no\/wp-content\/uploads\/2023\/10\/2020_CAATEX_cruise_EspenStorheim_0195-copy-scaled-e1698213727684.jpg\" class=\"attachment-img-sm size-img-sm\" alt=\"\" srcset=\"https:\/\/nersc.no\/wp-content\/uploads\/2023\/10\/2020_CAATEX_cruise_EspenStorheim_0195-copy-scaled-e1698213727684.jpg 920w, https:\/\/nersc.no\/wp-content\/uploads\/2023\/10\/2020_CAATEX_cruise_EspenStorheim_0195-copy-scaled-e1698213727684-288x300.jpg 288w, https:\/\/nersc.no\/wp-content\/uploads\/2023\/10\/2020_CAATEX_cruise_EspenStorheim_0195-copy-scaled-e1698213727684-768x801.jpg 768w, https:\/\/nersc.no\/wp-content\/uploads\/2023\/10\/2020_CAATEX_cruise_EspenStorheim_0195-copy-scaled-e1698213727684-498x520.jpg 498w, https:\/\/nersc.no\/wp-content\/uploads\/2023\/10\/2020_CAATEX_cruise_EspenStorheim_0195-copy-scaled-e1698213727684-767x800.jpg 767w\" sizes=\"auto, (max-width: 920px) 100vw, 920px\" \/>\t<\/div><\/div><div class=\"spacer\" style=\"--space-sm: 30px;--space-md: 30px;--space-lg: 30px;--space-xl: 30px;\"><\/div>[\/vc_column][\/vc_row][vc_row el_id=&#8221;strategy&#8221;][vc_column]<div class='row infobox-wapper image-align-right'>\t<div class='col-lg-9 col-md-9 col-sm-12 left'>\t\t<div class=\"infobox white\">\n<h3><strong>Our strategy<\/strong><\/h3>\n<p>We have developed a business strategy covering the period from 2023 to 2028. The strategy lines out the initiatives we believe are best suited to fulfill our social mission and to achieve our goals.<\/p>\n<p>You can find our strategy document <span style=\"text-decoration: underline;\"><a href=\"https:\/\/www.flipsnack.com\/kapanewspublikasjon\/nersc-strategy-2023-to-2028\/full-view.html\" target=\"_blank\" rel=\"noopener\">here<\/a><\/span>.<\/p><\/div>\t<\/div>\t<div class='col-lg-3 col-md-3 col-sm-12 right'>\t    <img loading=\"lazy\" decoding=\"async\" width=\"1532\" height=\"1524\" src=\"https:\/\/nersc.no\/wp-content\/uploads\/2023\/10\/Strategy-2023-2-1.png\" class=\"attachment-img-sm size-img-sm\" alt=\"\" srcset=\"https:\/\/nersc.no\/wp-content\/uploads\/2023\/10\/Strategy-2023-2-1.png 1532w, https:\/\/nersc.no\/wp-content\/uploads\/2023\/10\/Strategy-2023-2-1-300x298.png 300w, https:\/\/nersc.no\/wp-content\/uploads\/2023\/10\/Strategy-2023-2-1-1024x1019.png 1024w, https:\/\/nersc.no\/wp-content\/uploads\/2023\/10\/Strategy-2023-2-1-150x150.png 150w, https:\/\/nersc.no\/wp-content\/uploads\/2023\/10\/Strategy-2023-2-1-768x764.png 768w, https:\/\/nersc.no\/wp-content\/uploads\/2023\/10\/Strategy-2023-2-1-520x517.png 520w, https:\/\/nersc.no\/wp-content\/uploads\/2023\/10\/Strategy-2023-2-1-800x796.png 800w\" sizes=\"auto, (max-width: 1532px) 100vw, 1532px\" \/>\t<\/div><\/div><div class=\"spacer\" style=\"--space-sm: 30px;--space-md: 30px;--space-lg: 30px;--space-xl: 30px;\"><\/div>[\/vc_column][\/vc_row][vc_row el_id=&#8221;annualreports&#8221;][vc_column]<div class='row infobox-wapper image-align-right'>\t<div class='col-lg-9 col-md-9 col-sm-12 left'>\t\t<div class=\"infobox white\">\n<h3><strong>Annual reports<\/strong><\/h3>\n<p>In our annual reports, you can read about activities that have taken place during the past year, and highlights of our research.<\/p>\n<p>You can find our annual reports <span style=\"text-decoration: underline;\"><a href=\"https:\/\/nersc.no\/en\/annual-reports\/\">here<\/a><\/span>.<\/p><\/div>\t<\/div>\t<div class='col-lg-3 col-md-3 col-sm-12 right'>\t    <img loading=\"lazy\" decoding=\"async\" width=\"766\" height=\"766\" src=\"https:\/\/nersc.no\/wp-content\/uploads\/2025\/06\/annualreport2024.jpeg\" class=\"attachment-img-sm size-img-sm\" alt=\"\" title=\"Screenshot\" srcset=\"https:\/\/nersc.no\/wp-content\/uploads\/2025\/06\/annualreport2024.jpeg 766w, https:\/\/nersc.no\/wp-content\/uploads\/2025\/06\/annualreport2024-300x300.jpeg 300w, https:\/\/nersc.no\/wp-content\/uploads\/2025\/06\/annualreport2024-150x150.jpeg 150w, https:\/\/nersc.no\/wp-content\/uploads\/2025\/06\/annualreport2024-520x520.jpeg 520w\" sizes=\"auto, (max-width: 766px) 100vw, 766px\" \/>\t<\/div><\/div><div class=\"spacer\" style=\"--space-sm: 30px;--space-md: 30px;--space-lg: 30px;--space-xl: 30px;\"><\/div>[\/vc_column][\/vc_row][vc_row el_id=&#8221;contact&#8221;][vc_column]<div class=\"infobox light-blue\">\n<h3><strong>Contact us<\/strong><\/h3>\n<p>Visitor address:\u00a0 \u00a0 \u00a0 \u00a0 \u00a0 \u00a0Jahnebakken 3, 5007 Bergen, Norway<\/p>\n<p>Postal address:\u00a0 \u00a0 \u00a0 \u00a0 \u00a0 \u00a0Jahnebakken 3, 5007 Bergen, Norway<\/p>\n<p>Switchboard:\u00a0 \u00a0 \u00a0 \u00a0 \u00a0 \u00a0 \u00a0 \u00a0<a title=\"tel:+47%2055%2020%2058%2000\" href=\"tel:+47%2055%2020%2058%2000\">+47 55 20 58 00<\/a><\/p>\n<p>E-Mail:\u00a0 \u00a0 \u00a0 \u00a0 \u00a0 \u00a0 \u00a0 \u00a0 \u00a0 \u00a0 \u00a0 \u00a0 \u00a0 <a href=\"mailto:post@nersc.no\">post@nersc.no<\/a><\/p>\n<p>Invoice address:\u00a0 \u00a0 \u00a0 \u00a0 \u00a0<a href=\"mailto:accounting@nersc.no\">accounting@nersc.no<\/a><\/p><\/div>[\/vc_column][\/vc_row][vc_row disable_element=&#8221;yes&#8221;][vc_column css=&#8221;.vc_custom_1695196109019{padding-right: 30px !important;padding-left: 30px !important;}&#8221;][vc_row_inner equal_height=&#8221;yes&#8221;][vc_column_inner width=&#8221;5\/6&#8243; css=&#8221;.vc_custom_1695196132543{padding-left: 30px !important;background-color: #ffffff !important;}&#8221;]<div class=\"header left  \"><h2 class=\"heading-2-5\" title=\"V\u00e5r strategi\">V\u00e5r strategi<\/h2><\/div>[vc_column_text]Vi har utformet en virksomhetsstrategi for perioden 2023 til 2028, som angir de satsinger vi mener er best egnet til \u00e5 ivareta\u00a0v\u00e5rt\u00a0samfunnsoppdrag og til \u00e5 n\u00e5\u00a0v\u00e5re\u00a0m\u00e5l.<\/p>\n<p>Strategien ligger <a href=\"https:\/\/www.flipsnack.com\/kapanewspublikasjon\/nersc-strategy-2023-to-2028\/full-view.html\" target=\"_blank\" rel=\"noopener\"><strong>her<\/strong><\/a>.[\/vc_column_text][\/vc_column_inner][vc_column_inner width=&#8221;1\/6&#8243; css=&#8221;.vc_custom_1695196193706{padding-right: 0px !important;}&#8221;]\n            <a class=\"image-link\" role=\"button\" href=\"https:\/\/www.flipsnack.com\/kapanewspublikasjon\/nersc-strategy-2023-to-2028\/full-view.html\" title=\"Strategi 2023 - 2028\" >\n                <figure class=\"image-link-image  no-caption left\">\n                    <img loading=\"lazy\" decoding=\"async\" width=\"532\" height=\"757\" src=\"https:\/\/nersc.no\/wp-content\/uploads\/2023\/08\/strategiforside.png\" class=\"attachment-img-md size-img-md\" alt=\"\" srcset=\"https:\/\/nersc.no\/wp-content\/uploads\/2023\/08\/strategiforside.png 532w, https:\/\/nersc.no\/wp-content\/uploads\/2023\/08\/strategiforside-211x300.png 211w, https:\/\/nersc.no\/wp-content\/uploads\/2023\/08\/strategiforside-365x520.png 365w\" sizes=\"auto, (max-width: 532px) 100vw, 532px\" \/>\n                    \n                <\/figure>\n\t\t\t<\/a>[\/vc_column_inner][\/vc_row_inner][\/vc_column][\/vc_row][vc_row disable_element=&#8221;yes&#8221;][vc_column css=&#8221;.vc_custom_1695196109019{padding-right: 30px !important;padding-left: 30px !important;}&#8221;][vc_row_inner equal_height=&#8221;yes&#8221;][vc_column_inner width=&#8221;5\/6&#8243; css=&#8221;.vc_custom_1695196132543{padding-left: 30px !important;background-color: #ffffff !important;}&#8221;]<div class=\"header left  \"><h2 class=\"heading-2-5\" title=\"\u00c5rsrapporter\">\u00c5rsrapporter<\/h2><\/div>[vc_column_text]I \u00e5rsrapportene v\u00e5re kan du lese om aktiviteter som har funnet sted i l\u00f8pet av \u00e5ret som gikk, og h\u00f8ydepunkter innen v\u00e5r forskning.<\/p>\n<p>Flere \u00e5rsrapporter ligger <a href=\"https:\/\/nersc.no\/en\/annual-reports\/\"><strong>her<\/strong><\/a>.[\/vc_column_text][\/vc_column_inner][vc_column_inner width=&#8221;1\/6&#8243; css=&#8221;.vc_custom_1695196193706{padding-right: 0px !important;}&#8221;]\n            <a class=\"image-link\" role=\"button\" href=\"https:\/\/www.flipsnack.com\/kapanewspublikasjon\/nersc-annual-report-2022\/full-view.html\" title=\"\u00c5rsrapport 2022\" >\n                <figure class=\"image-link-image  no-caption left\">\n                    <img loading=\"lazy\" decoding=\"async\" width=\"532\" height=\"751\" src=\"https:\/\/nersc.no\/wp-content\/uploads\/2023\/10\/annualreport2022-new-e1697789004424.png\" class=\"attachment-img-md size-img-md\" alt=\"\" \/>\n                    \n                <\/figure>\n\t\t\t<\/a>[\/vc_column_inner][\/vc_row_inner][\/vc_column][\/vc_row]<\/p>\n<\/div>","protected":false},"excerpt":{"rendered":"<p>[vc_section css=&#8221;.vc_custom_1669014075681{background-color: #ffffff !important;}&#8221; el_class=&#8221;full-image&#8221;][vc_row][vc_column][\/vc_column][\/vc_row][vc_row][vc_column width=&#8221;1\/6&#8243;][\/vc_column][vc_column width=&#8221;2\/3&#8243;][vc_column_text] The Nansen Center is a Norwegian environmental institute, organised as an independent foundation. Our core activity is research and development directed at physical and biological conditions in our near sea areas, in the Arctic, and globally. In our research work, we use data from direct measurements and from [&hellip;]<\/p>\n","protected":false},"author":4,"featured_media":0,"parent":0,"menu_order":0,"comment_status":"closed","ping_status":"closed","template":"","meta":{"_acf_changed":false,"_relevanssi_hide_post":"","_relevanssi_hide_content":"","_relevanssi_pin_for_all":"","_relevanssi_pin_keywords":"","_relevanssi_unpin_keywords":"","_relevanssi_related_keywords":"","_relevanssi_related_include_ids":"","_relevanssi_related_exclude_ids":"","_relevanssi_related_no_append":"","_relevanssi_related_not_related":"","_relevanssi_related_posts":"","_relevanssi_noindex_reason":"","footnotes":""},"class_list":["post-5392","page","type-page","status-publish","hentry"],"acf":[],"publishpress_future_action":{"enabled":false,"date":"2026-04-15 10:34:57","action":"change-status","newStatus":"draft","terms":[],"taxonomy":"translation_priority","extraData":[]},"publishpress_future_workflow_manual_trigger":{"enabledWorkflows":[]},"_links":{"self":[{"href":"https:\/\/nersc.no\/en\/wp-json\/wp\/v2\/pages\/5392","targetHints":{"allow":["GET"]}}],"collection":[{"href":"https:\/\/nersc.no\/en\/wp-json\/wp\/v2\/pages"}],"about":[{"href":"https:\/\/nersc.no\/en\/wp-json\/wp\/v2\/types\/page"}],"author":[{"embeddable":true,"href":"https:\/\/nersc.no\/en\/wp-json\/wp\/v2\/users\/4"}],"replies":[{"embeddable":true,"href":"https:\/\/nersc.no\/en\/wp-json\/wp\/v2\/comments?post=5392"}],"version-history":[{"count":15,"href":"https:\/\/nersc.no\/en\/wp-json\/wp\/v2\/pages\/5392\/revisions"}],"predecessor-version":[{"id":8181,"href":"https:\/\/nersc.no\/en\/wp-json\/wp\/v2\/pages\/5392\/revisions\/8181"}],"wp:attachment":[{"href":"https:\/\/nersc.no\/en\/wp-json\/wp\/v2\/media?parent=5392"}],"curies":[{"name":"wp","href":"https:\/\/api.w.org\/{rel}","templated":true}]}}