{"id":3386,"date":"2022-10-21T12:11:16","date_gmt":"2022-10-21T10:11:16","guid":{"rendered":"https:\/\/nersc.no\/?page_id=3386"},"modified":"2023-10-12T10:42:20","modified_gmt":"2023-10-12T08:42:20","slug":"technical-reports","status":"publish","type":"page","link":"https:\/\/nersc.no\/en\/technical-reports\/","title":{"rendered":"Technical reports"},"content":{"rendered":"<div class=\"wpb-content-wrapper\"><p>[vc_row][vc_column]<div class=\"header left  \"><h1 class=\"heading-2\" title=\"Technical reports\">Technical reports<\/h1><\/div><div class='row api-cards'><div class='col-12 year'><p>2026<\/p><\/div>\n\t\t\t\t<div class='col-lg-4 col-md-4 col-sm-4'>\n\t\t\t\t\t<article class='api-card blue'>\n\t\t\t\t\t\t<div class='main'>\n\t\t\t\t\t\t\t<div class='content'>\n\t\t\t\t\t\t\t\t<h2>Technologies and collaboration for sustained Arctic Ocean Observing Systems (AOOS) D6: Data management, distribution, and cost estimation<\/h2>\n\t\t\t\t\t\t\t\t<div class='names'>\n\t\t\t\t\t\t\t\t\t\u00d8ystein God\u00f8y, Torill Hamre, Bj\u00f8rn R\u00f8nning, Elizaveta Protsenko, Tomasz Piotr Kopec\n\t\t\t\t\t\t\t\t<\/div>\n\t\t\t\t\t\t\t<\/div>\n\t\t\t\t\t\t\t<div class='footer'>\n\t\t\t\t\t\t\t\t<button aria-expanded='false' aria-controls='details-0'>Show details <img aria-hidden='true' src='\/wp-content\/themes\/ppcore\/assets\/images\/black-triangle.svg' alt='Arrow'><\/button>\n\t\t\t\t\t\t\t\t<a href=\"https:\/\/hdl.handle.net\/11250\/5485481\" title=\"Open in cristin\" target=\"_blank\" rel=\"noopener\"><img src='\/wp-content\/themes\/ppcore\/assets\/images\/black-arrow.svg' alt='arrow' aria-hidden='true'><\/a>\n\t\t\t\t\t\t\t<\/div>\n\t\t\t\t\t\t<\/div>\n\t\t\t\t\t\t<footer aria-hidden='true' id='details-0'>\n\t\t\t\t\t\t\t<table>\n\t\t\t\t\t\t\t\t<tbody>\n\t\t\t\t\t\t\t\t\t<tr>\n\t\t\t\t\t\t\t\t\t\t<td>Publication Type<\/td>\n\t\t\t\t\t\t\t\t\t\t<td>Report<\/td>\n\t\t\t\t\t\t\t\t\t<\/tr>\n\t\t\t\t\t\t\t\t\t<tr>\n\t\t\t\t\t\t\t\t\t\t<td>Year of publication<\/td>\n\t\t\t\t\t\t\t\t\t\t<td>2026<\/td>\n\t\t\t\t\t\t\t\t\t<\/tr>\n\t\t\t\t\t\t\t\t<\/tbody>\n\t\t\t\t\t\t\t<\/table>\n\t\t\t\t\t\t<\/footer>\n\t\t\t\t\t<\/article>\n\t\t\t\t<\/div>\n\t\t\t<div class='col-12 year'><p>2025<\/p><\/div>\n\t\t\t\t<div class='col-lg-4 col-md-4 col-sm-4'>\n\t\t\t\t\t<article class='api-card blue'>\n\t\t\t\t\t\t<div class='main'>\n\t\t\t\t\t\t\t<div class='content'>\n\t\t\t\t\t\t\t\t<h2>Kulturbaserte l\u00f8ysingar p\u00e5 klimatilpassinga<\/h2>\n\t\t\t\t\t\t\t\t<div class='names'>\n\t\t\t\t\t\t\t\t\tSiri Veland, Carlo Aall, Idun Husab\u00f8, Elisabeth Angell, Lu Li, Stephanie Mayer\n\t\t\t\t\t\t\t\t<\/div>\n\t\t\t\t\t\t\t<\/div>\n\t\t\t\t\t\t\t<div class='footer'>\n\t\t\t\t\t\t\t\t<button aria-expanded='false' aria-controls='details-1'>Show details <img aria-hidden='true' src='\/wp-content\/themes\/ppcore\/assets\/images\/black-triangle.svg' alt='Arrow'><\/button>\n\t\t\t\t\t\t\t\t<a href=\"https:\/\/hdl.handle.net\/11250\/5507250\" title=\"Open in cristin\" target=\"_blank\" rel=\"noopener\"><img src='\/wp-content\/themes\/ppcore\/assets\/images\/black-arrow.svg' alt='arrow' aria-hidden='true'><\/a>\n\t\t\t\t\t\t\t<\/div>\n\t\t\t\t\t\t<\/div>\n\t\t\t\t\t\t<footer aria-hidden='true' id='details-1'>\n\t\t\t\t\t\t\t<table>\n\t\t\t\t\t\t\t\t<tbody>\n\t\t\t\t\t\t\t\t\t<tr>\n\t\t\t\t\t\t\t\t\t\t<td>Publication Type<\/td>\n\t\t\t\t\t\t\t\t\t\t<td>Report<\/td>\n\t\t\t\t\t\t\t\t\t<\/tr>\n\t\t\t\t\t\t\t\t\t<tr>\n\t\t\t\t\t\t\t\t\t\t<td>Year of publication<\/td>\n\t\t\t\t\t\t\t\t\t\t<td>2025<\/td>\n\t\t\t\t\t\t\t\t\t<\/tr>\n\t\t\t\t\t\t\t\t<\/tbody>\n\t\t\t\t\t\t\t<\/table>\n\t\t\t\t\t\t<\/footer>\n\t\t\t\t\t<\/article>\n\t\t\t\t<\/div>\n\t\t\t\n\t\t\t\t<div class='col-lg-4 col-md-4 col-sm-4'>\n\t\t\t\t\t<article class='api-card blue'>\n\t\t\t\t\t\t<div class='main'>\n\t\t\t\t\t\t\t<div class='content'>\n\t\t\t\t\t\t\t\t<h2>Results from acoustic and oceanographic characterizations of the Bj\u00f8rnafjorden area<\/h2>\n\t\t\t\t\t\t\t\t<div class='names'>\n\t\t\t\t\t\t\t\t\tEspen Storheim, Astrid Stallemo\n\t\t\t\t\t\t\t\t<\/div>\n\t\t\t\t\t\t\t<\/div>\n\t\t\t\t\t\t\t<div class='footer'>\n\t\t\t\t\t\t\t\t<button aria-expanded='false' aria-controls='details-2'>Show details <img aria-hidden='true' src='\/wp-content\/themes\/ppcore\/assets\/images\/black-triangle.svg' alt='Arrow'><\/button>\n\t\t\t\t\t\t\t\t<a href=\"https:\/\/hdl.handle.net\/11250\/5487456\" title=\"Open in cristin\" target=\"_blank\" rel=\"noopener\"><img src='\/wp-content\/themes\/ppcore\/assets\/images\/black-arrow.svg' alt='arrow' aria-hidden='true'><\/a>\n\t\t\t\t\t\t\t<\/div>\n\t\t\t\t\t\t<\/div>\n\t\t\t\t\t\t<footer aria-hidden='true' id='details-2'>\n\t\t\t\t\t\t\t<table>\n\t\t\t\t\t\t\t\t<tbody>\n\t\t\t\t\t\t\t\t\t<tr>\n\t\t\t\t\t\t\t\t\t\t<td>Publication Type<\/td>\n\t\t\t\t\t\t\t\t\t\t<td>Report<\/td>\n\t\t\t\t\t\t\t\t\t<\/tr>\n\t\t\t\t\t\t\t\t\t<tr>\n\t\t\t\t\t\t\t\t\t\t<td>Year of publication<\/td>\n\t\t\t\t\t\t\t\t\t\t<td>2025<\/td>\n\t\t\t\t\t\t\t\t\t<\/tr>\n\t\t\t\t\t\t\t\t<\/tbody>\n\t\t\t\t\t\t\t<\/table>\n\t\t\t\t\t\t<\/footer>\n\t\t\t\t\t<\/article>\n\t\t\t\t<\/div>\n\t\t\t\n\t\t\t\t<div class='col-lg-4 col-md-4 col-sm-4'>\n\t\t\t\t\t<article class='api-card blue'>\n\t\t\t\t\t\t<div class='main'>\n\t\t\t\t\t\t\t<div class='content'>\n\t\t\t\t\t\t\t\t<h2>Tilgjengeliggj\u00f8ring av data fra Copernicus Marine Tjenester til bruk i Oslofjordprosjektet<\/h2>\n\t\t\t\t\t\t\t\t<div class='names'>\n\t\t\t\t\t\t\t\t\tEdson Silva, Mohamed Babiker, Lasse Pettersson\n\t\t\t\t\t\t\t\t<\/div>\n\t\t\t\t\t\t\t<\/div>\n\t\t\t\t\t\t\t<div class='footer'>\n\t\t\t\t\t\t\t\t<button aria-expanded='false' aria-controls='details-3'>Show details <img aria-hidden='true' src='\/wp-content\/themes\/ppcore\/assets\/images\/black-triangle.svg' alt='Arrow'><\/button>\n\t\t\t\t\t\t\t\t<a href=\"https:\/\/hdl.handle.net\/11250\/5485387\" title=\"Open in cristin\" target=\"_blank\" rel=\"noopener\"><img src='\/wp-content\/themes\/ppcore\/assets\/images\/black-arrow.svg' alt='arrow' aria-hidden='true'><\/a>\n\t\t\t\t\t\t\t<\/div>\n\t\t\t\t\t\t<\/div>\n\t\t\t\t\t\t<footer aria-hidden='true' id='details-3'>\n\t\t\t\t\t\t\t<table>\n\t\t\t\t\t\t\t\t<tbody>\n\t\t\t\t\t\t\t\t\t<tr>\n\t\t\t\t\t\t\t\t\t\t<td>Publication Type<\/td>\n\t\t\t\t\t\t\t\t\t\t<td>Report<\/td>\n\t\t\t\t\t\t\t\t\t<\/tr>\n\t\t\t\t\t\t\t\t\t<tr>\n\t\t\t\t\t\t\t\t\t\t<td>Year of publication<\/td>\n\t\t\t\t\t\t\t\t\t\t<td>2025<\/td>\n\t\t\t\t\t\t\t\t\t<\/tr>\n\t\t\t\t\t\t\t\t<\/tbody>\n\t\t\t\t\t\t\t<\/table>\n\t\t\t\t\t\t<\/footer>\n\t\t\t\t\t<\/article>\n\t\t\t\t<\/div>\n\t\t\t\n\t\t\t\t<div class='col-lg-4 col-md-4 col-sm-4'>\n\t\t\t\t\t<article class='api-card blue'>\n\t\t\t\t\t\t<div class='main'>\n\t\t\t\t\t\t\t<div class='content'>\n\t\t\t\t\t\t\t\t<h2>Technologies and collaboration for sustained Arctic Ocean Observing System (AOOS). D3: Avenues for funding of large-scale deployment of AOOS.<\/h2>\n\t\t\t\t\t\t\t\t<div class='names'>\n\t\t\t\t\t\t\t\t\tHanne Sagen, Stein Sandven, Torill Hamre, Bj\u00f8rn R\u00f8nning, Dag Tollefsen, Malin Daase\n\t\t\t\t\t\t\t\t<\/div>\n\t\t\t\t\t\t\t<\/div>\n\t\t\t\t\t\t\t<div class='footer'>\n\t\t\t\t\t\t\t\t<button aria-expanded='false' aria-controls='details-4'>Show details <img aria-hidden='true' src='\/wp-content\/themes\/ppcore\/assets\/images\/black-triangle.svg' alt='Arrow'><\/button>\n\t\t\t\t\t\t\t\t<a href=\"https:\/\/hdl.handle.net\/11250\/5485370\" title=\"Open in cristin\" target=\"_blank\" rel=\"noopener\"><img src='\/wp-content\/themes\/ppcore\/assets\/images\/black-arrow.svg' alt='arrow' aria-hidden='true'><\/a>\n\t\t\t\t\t\t\t<\/div>\n\t\t\t\t\t\t<\/div>\n\t\t\t\t\t\t<footer aria-hidden='true' id='details-4'>\n\t\t\t\t\t\t\t<table>\n\t\t\t\t\t\t\t\t<tbody>\n\t\t\t\t\t\t\t\t\t<tr>\n\t\t\t\t\t\t\t\t\t\t<td>Publication Type<\/td>\n\t\t\t\t\t\t\t\t\t\t<td>Report<\/td>\n\t\t\t\t\t\t\t\t\t<\/tr>\n\t\t\t\t\t\t\t\t\t<tr>\n\t\t\t\t\t\t\t\t\t\t<td>Year of publication<\/td>\n\t\t\t\t\t\t\t\t\t\t<td>2025<\/td>\n\t\t\t\t\t\t\t\t\t<\/tr>\n\t\t\t\t\t\t\t\t<\/tbody>\n\t\t\t\t\t\t\t<\/table>\n\t\t\t\t\t\t<\/footer>\n\t\t\t\t\t<\/article>\n\t\t\t\t<\/div>\n\t\t\t\n\t\t\t\t<div class='col-lg-4 col-md-4 col-sm-4'>\n\t\t\t\t\t<article class='api-card blue'>\n\t\t\t\t\t\t<div class='main'>\n\t\t\t\t\t\t\t<div class='content'>\n\t\t\t\t\t\t\t\t<h2>Climate futures for Pasvik Nature Reserve<\/h2>\n\t\t\t\t\t\t\t\t<div class='names'>\n\t\t\t\t\t\t\t\t\tRichard Davy\n\t\t\t\t\t\t\t\t<\/div>\n\t\t\t\t\t\t\t<\/div>\n\t\t\t\t\t\t\t<div class='footer'>\n\t\t\t\t\t\t\t\t<button aria-expanded='false' aria-controls='details-5'>Show details <img aria-hidden='true' src='\/wp-content\/themes\/ppcore\/assets\/images\/black-triangle.svg' alt='Arrow'><\/button>\n\t\t\t\t\t\t\t\t<a href=\"https:\/\/hdl.handle.net\/11250\/5485347\" title=\"Open in cristin\" target=\"_blank\" rel=\"noopener\"><img src='\/wp-content\/themes\/ppcore\/assets\/images\/black-arrow.svg' alt='arrow' aria-hidden='true'><\/a>\n\t\t\t\t\t\t\t<\/div>\n\t\t\t\t\t\t<\/div>\n\t\t\t\t\t\t<footer aria-hidden='true' id='details-5'>\n\t\t\t\t\t\t\t<table>\n\t\t\t\t\t\t\t\t<tbody>\n\t\t\t\t\t\t\t\t\t<tr>\n\t\t\t\t\t\t\t\t\t\t<td>Publication Type<\/td>\n\t\t\t\t\t\t\t\t\t\t<td>Report<\/td>\n\t\t\t\t\t\t\t\t\t<\/tr>\n\t\t\t\t\t\t\t\t\t<tr>\n\t\t\t\t\t\t\t\t\t\t<td>Year of publication<\/td>\n\t\t\t\t\t\t\t\t\t\t<td>2025<\/td>\n\t\t\t\t\t\t\t\t\t<\/tr>\n\t\t\t\t\t\t\t\t<\/tbody>\n\t\t\t\t\t\t\t<\/table>\n\t\t\t\t\t\t<\/footer>\n\t\t\t\t\t<\/article>\n\t\t\t\t<\/div>\n\t\t\t\n\t\t\t\t<div class='col-lg-4 col-md-4 col-sm-4'>\n\t\t\t\t\t<article class='api-card blue'>\n\t\t\t\t\t\t<div class='main'>\n\t\t\t\t\t\t\t<div class='content'>\n\t\t\t\t\t\t\t\t<h2>Climate futures for Reisa National Park<\/h2>\n\t\t\t\t\t\t\t\t<div class='names'>\n\t\t\t\t\t\t\t\t\tRichard Davy\n\t\t\t\t\t\t\t\t<\/div>\n\t\t\t\t\t\t\t<\/div>\n\t\t\t\t\t\t\t<div class='footer'>\n\t\t\t\t\t\t\t\t<button aria-expanded='false' aria-controls='details-6'>Show details <img aria-hidden='true' src='\/wp-content\/themes\/ppcore\/assets\/images\/black-triangle.svg' alt='Arrow'><\/button>\n\t\t\t\t\t\t\t\t<a href=\"https:\/\/hdl.handle.net\/11250\/5485260\" title=\"Open in cristin\" target=\"_blank\" rel=\"noopener\"><img src='\/wp-content\/themes\/ppcore\/assets\/images\/black-arrow.svg' alt='arrow' aria-hidden='true'><\/a>\n\t\t\t\t\t\t\t<\/div>\n\t\t\t\t\t\t<\/div>\n\t\t\t\t\t\t<footer aria-hidden='true' id='details-6'>\n\t\t\t\t\t\t\t<table>\n\t\t\t\t\t\t\t\t<tbody>\n\t\t\t\t\t\t\t\t\t<tr>\n\t\t\t\t\t\t\t\t\t\t<td>Publication Type<\/td>\n\t\t\t\t\t\t\t\t\t\t<td>Report<\/td>\n\t\t\t\t\t\t\t\t\t<\/tr>\n\t\t\t\t\t\t\t\t\t<tr>\n\t\t\t\t\t\t\t\t\t\t<td>Year of publication<\/td>\n\t\t\t\t\t\t\t\t\t\t<td>2025<\/td>\n\t\t\t\t\t\t\t\t\t<\/tr>\n\t\t\t\t\t\t\t\t<\/tbody>\n\t\t\t\t\t\t\t<\/table>\n\t\t\t\t\t\t<\/footer>\n\t\t\t\t\t<\/article>\n\t\t\t\t<\/div>\n\t\t\t\n\t\t\t\t<div class='col-lg-4 col-md-4 col-sm-4'>\n\t\t\t\t\t<article class='api-card blue'>\n\t\t\t\t\t\t<div class='main'>\n\t\t\t\t\t\t\t<div class='content'>\n\t\t\t\t\t\t\t\t<h2>Indikatorer for v\u00e5r\u2010 og sommer\u2010 algeoppblomstringer (miljostatus.no)<\/h2>\n\t\t\t\t\t\t\t\t<div class='names'>\n\t\t\t\t\t\t\t\t\tEdson Silva, Lasse Pettersson\n\t\t\t\t\t\t\t\t<\/div>\n\t\t\t\t\t\t\t<\/div>\n\t\t\t\t\t\t\t<div class='footer'>\n\t\t\t\t\t\t\t\t<button aria-expanded='false' aria-controls='details-7'>Show details <img aria-hidden='true' src='\/wp-content\/themes\/ppcore\/assets\/images\/black-triangle.svg' alt='Arrow'><\/button>\n\t\t\t\t\t\t\t\t<a href=\"https:\/\/hdl.handle.net\/11250\/5363088\" title=\"Open in cristin\" target=\"_blank\" rel=\"noopener\"><img src='\/wp-content\/themes\/ppcore\/assets\/images\/black-arrow.svg' alt='arrow' aria-hidden='true'><\/a>\n\t\t\t\t\t\t\t<\/div>\n\t\t\t\t\t\t<\/div>\n\t\t\t\t\t\t<footer aria-hidden='true' id='details-7'>\n\t\t\t\t\t\t\t<table>\n\t\t\t\t\t\t\t\t<tbody>\n\t\t\t\t\t\t\t\t\t<tr>\n\t\t\t\t\t\t\t\t\t\t<td>Publication Type<\/td>\n\t\t\t\t\t\t\t\t\t\t<td>Report<\/td>\n\t\t\t\t\t\t\t\t\t<\/tr>\n\t\t\t\t\t\t\t\t\t<tr>\n\t\t\t\t\t\t\t\t\t\t<td>Year of publication<\/td>\n\t\t\t\t\t\t\t\t\t\t<td>2025<\/td>\n\t\t\t\t\t\t\t\t\t<\/tr>\n\t\t\t\t\t\t\t\t<\/tbody>\n\t\t\t\t\t\t\t<\/table>\n\t\t\t\t\t\t<\/footer>\n\t\t\t\t\t<\/article>\n\t\t\t\t<\/div>\n\t\t\t\n\t\t\t\t<div class='col-lg-4 col-md-4 col-sm-4'>\n\t\t\t\t\t<article class='api-card blue'>\n\t\t\t\t\t\t<div class='main'>\n\t\t\t\t\t\t\t<div class='content'>\n\t\t\t\t\t\t\t\t<h2>Earth Observations for Sustainable Aquaculture (EO4SA) under the ESA EXPRO+ EO for sustainable Blue Economy. D3: Algorithm Theoretical Basis Documents (ATBD)<\/h2>\n\t\t\t\t\t\t\t\t<div class='names'>\n\t\t\t\t\t\t\t\t\tEdson Silva, Andrey Kurekin, Victor Martinez Vicente, Anton Salgado, Lasse Pettersson, Catherine Downy\n\t\t\t\t\t\t\t\t<\/div>\n\t\t\t\t\t\t\t<\/div>\n\t\t\t\t\t\t\t<div class='footer'>\n\t\t\t\t\t\t\t\t<button aria-expanded='false' aria-controls='details-8'>Show details <img aria-hidden='true' src='\/wp-content\/themes\/ppcore\/assets\/images\/black-triangle.svg' alt='Arrow'><\/button>\n\t\t\t\t\t\t\t\t<a href=\"https:\/\/hdl.handle.net\/11250\/5360976\" title=\"Open in cristin\" target=\"_blank\" rel=\"noopener\"><img src='\/wp-content\/themes\/ppcore\/assets\/images\/black-arrow.svg' alt='arrow' aria-hidden='true'><\/a>\n\t\t\t\t\t\t\t<\/div>\n\t\t\t\t\t\t<\/div>\n\t\t\t\t\t\t<footer aria-hidden='true' id='details-8'>\n\t\t\t\t\t\t\t<table>\n\t\t\t\t\t\t\t\t<tbody>\n\t\t\t\t\t\t\t\t\t<tr>\n\t\t\t\t\t\t\t\t\t\t<td>Publication Type<\/td>\n\t\t\t\t\t\t\t\t\t\t<td>Report<\/td>\n\t\t\t\t\t\t\t\t\t<\/tr>\n\t\t\t\t\t\t\t\t\t<tr>\n\t\t\t\t\t\t\t\t\t\t<td>Year of publication<\/td>\n\t\t\t\t\t\t\t\t\t\t<td>2025<\/td>\n\t\t\t\t\t\t\t\t\t<\/tr>\n\t\t\t\t\t\t\t\t<\/tbody>\n\t\t\t\t\t\t\t<\/table>\n\t\t\t\t\t\t<\/footer>\n\t\t\t\t\t<\/article>\n\t\t\t\t<\/div>\n\t\t\t\n\t\t\t\t<div class='col-lg-4 col-md-4 col-sm-4'>\n\t\t\t\t\t<article class='api-card blue'>\n\t\t\t\t\t\t<div class='main'>\n\t\t\t\t\t\t\t<div class='content'>\n\t\t\t\t\t\t\t\t<h2>Annual Report Year 1. ARCFISH Deliverable D6.2<\/h2>\n\t\t\t\t\t\t\t\t<div class='names'>\n\t\t\t\t\t\t\t\t\tTorill Hamre, Marie Maar, Valur N. Gunnlaugsson, Arne Johan Hestnes, Ruth Higgins, Agnieszka Beszczynska-M\u00f6ller\n\t\t\t\t\t\t\t\t<\/div>\n\t\t\t\t\t\t\t<\/div>\n\t\t\t\t\t\t\t<div class='footer'>\n\t\t\t\t\t\t\t\t<button aria-expanded='false' aria-controls='details-9'>Show details <img aria-hidden='true' src='\/wp-content\/themes\/ppcore\/assets\/images\/black-triangle.svg' alt='Arrow'><\/button>\n\t\t\t\t\t\t\t\t<a href=\"https:\/\/hdl.handle.net\/11250\/3219531\" title=\"Open in cristin\" target=\"_blank\" rel=\"noopener\"><img src='\/wp-content\/themes\/ppcore\/assets\/images\/black-arrow.svg' alt='arrow' aria-hidden='true'><\/a>\n\t\t\t\t\t\t\t<\/div>\n\t\t\t\t\t\t<\/div>\n\t\t\t\t\t\t<footer aria-hidden='true' id='details-9'>\n\t\t\t\t\t\t\t<table>\n\t\t\t\t\t\t\t\t<tbody>\n\t\t\t\t\t\t\t\t\t<tr>\n\t\t\t\t\t\t\t\t\t\t<td>Publication Type<\/td>\n\t\t\t\t\t\t\t\t\t\t<td>Report<\/td>\n\t\t\t\t\t\t\t\t\t<\/tr>\n\t\t\t\t\t\t\t\t\t<tr>\n\t\t\t\t\t\t\t\t\t\t<td>Year of publication<\/td>\n\t\t\t\t\t\t\t\t\t\t<td>2025<\/td>\n\t\t\t\t\t\t\t\t\t<\/tr>\n\t\t\t\t\t\t\t\t<\/tbody>\n\t\t\t\t\t\t\t<\/table>\n\t\t\t\t\t\t<\/footer>\n\t\t\t\t\t<\/article>\n\t\t\t\t<\/div>\n\t\t\t\n\t\t\t\t<div class='col-lg-4 col-md-4 col-sm-4'>\n\t\t\t\t\t<article class='api-card blue'>\n\t\t\t\t\t\t<div class='main'>\n\t\t\t\t\t\t\t<div class='content'>\n\t\t\t\t\t\t\t\t<h2>Klima i Norge \u2013 kunnskapsgrunnlag for klimatilpasning oppdatert i 2025<\/h2>\n\t\t\t\t\t\t\t\t<div class='names'>\n\t\t\t\t\t\t\t\t\tAnita Verpe Dyrrdal, Sigrid J\u00f8rgensen Bakke, Inger Hanssen-Bauer, Stephanie Mayer, Irene Brox Nilsen, Jan Even \u00d8ie Nilsen\n\t\t\t\t\t\t\t\t<\/div>\n\t\t\t\t\t\t\t<\/div>\n\t\t\t\t\t\t\t<div class='footer'>\n\t\t\t\t\t\t\t\t<button aria-expanded='false' aria-controls='details-10'>Show details <img aria-hidden='true' src='\/wp-content\/themes\/ppcore\/assets\/images\/black-triangle.svg' alt='Arrow'><\/button>\n\t\t\t\t\t\t\t\t<a href=\"https:\/\/hdl.handle.net\/11250\/3216988\" title=\"Open in cristin\" target=\"_blank\" rel=\"noopener\"><img src='\/wp-content\/themes\/ppcore\/assets\/images\/black-arrow.svg' alt='arrow' aria-hidden='true'><\/a>\n\t\t\t\t\t\t\t<\/div>\n\t\t\t\t\t\t<\/div>\n\t\t\t\t\t\t<footer aria-hidden='true' id='details-10'>\n\t\t\t\t\t\t\t<table>\n\t\t\t\t\t\t\t\t<tbody>\n\t\t\t\t\t\t\t\t\t<tr>\n\t\t\t\t\t\t\t\t\t\t<td>Publication Type<\/td>\n\t\t\t\t\t\t\t\t\t\t<td>Report<\/td>\n\t\t\t\t\t\t\t\t\t<\/tr>\n\t\t\t\t\t\t\t\t\t<tr>\n\t\t\t\t\t\t\t\t\t\t<td>Year of publication<\/td>\n\t\t\t\t\t\t\t\t\t\t<td>2025<\/td>\n\t\t\t\t\t\t\t\t\t<\/tr>\n\t\t\t\t\t\t\t\t<\/tbody>\n\t\t\t\t\t\t\t<\/table>\n\t\t\t\t\t\t<\/footer>\n\t\t\t\t\t<\/article>\n\t\t\t\t<\/div>\n\t\t\t\n\t\t\t\t<div class='col-lg-4 col-md-4 col-sm-4'>\n\t\t\t\t\t<article class='api-card blue'>\n\t\t\t\t\t\t<div class='main'>\n\t\t\t\t\t\t\t<div class='content'>\n\t\t\t\t\t\t\t\t<h2>Sustainable City Development \u2013 Environmental Scenarios in the Global South - Report on the URSA MAJOR Hackathon 2024<\/h2>\n\t\t\t\t\t\t\t\t<div class='names'>\n\t\t\t\t\t\t\t\t\tBindu G., Chandu PJ., Joseph Ajith K., Igor Esau, Sobah Abbas Petersen, Alexander Baklanov\n\t\t\t\t\t\t\t\t<\/div>\n\t\t\t\t\t\t\t<\/div>\n\t\t\t\t\t\t\t<div class='footer'>\n\t\t\t\t\t\t\t\t<button aria-expanded='false' aria-controls='details-11'>Show details <img aria-hidden='true' src='\/wp-content\/themes\/ppcore\/assets\/images\/black-triangle.svg' alt='Arrow'><\/button>\n\t\t\t\t\t\t\t\t<a href=\"https:\/\/hdl.handle.net\/11250\/3432070\" title=\"Open in cristin\" target=\"_blank\" rel=\"noopener\"><img src='\/wp-content\/themes\/ppcore\/assets\/images\/black-arrow.svg' alt='arrow' aria-hidden='true'><\/a>\n\t\t\t\t\t\t\t<\/div>\n\t\t\t\t\t\t<\/div>\n\t\t\t\t\t\t<footer aria-hidden='true' id='details-11'>\n\t\t\t\t\t\t\t<table>\n\t\t\t\t\t\t\t\t<tbody>\n\t\t\t\t\t\t\t\t\t<tr>\n\t\t\t\t\t\t\t\t\t\t<td>Publication Type<\/td>\n\t\t\t\t\t\t\t\t\t\t<td>Report<\/td>\n\t\t\t\t\t\t\t\t\t<\/tr>\n\t\t\t\t\t\t\t\t\t<tr>\n\t\t\t\t\t\t\t\t\t\t<td>Year of publication<\/td>\n\t\t\t\t\t\t\t\t\t\t<td>2025<\/td>\n\t\t\t\t\t\t\t\t\t<\/tr>\n\t\t\t\t\t\t\t\t<\/tbody>\n\t\t\t\t\t\t\t<\/table>\n\t\t\t\t\t\t<\/footer>\n\t\t\t\t\t<\/article>\n\t\t\t\t<\/div>\n\t\t\t<\/div><ul class=\"pagination\"><li class=\"active\"><span>1<\/span><\/li>\n\t\t\t\t\t\t<li>\n\t\t\t\t\t\t\t<a href=\"?wpage=2\">2<\/a>\n\t\t\t\t\t\t<\/li>\n\t\t\t\t\t\t<li>\n\t\t\t\t\t\t\t<a href=\"?wpage=3\">3<\/a>\n\t\t\t\t\t\t<\/li><li><span>&hellip;<\/span><\/li>\n\t\t\t\t\t\t<li>\n\t\t\t\t\t\t\t<a href=\"?wpage=27\">27<\/a>\n\t\t\t\t\t\t<\/li>\n\t\t\t\t<li class=\"next\">\n\t\t\t\t\t<a href=\"?wpage=2\"><img decoding=\"async\" src=\"\/wp-content\/themes\/ppcore\/assets\/images\/arrow-right.svg\" title=\"Next\"><\/a>\n\t\t\t\t<\/li><\/ul>[\/vc_column][\/vc_row]<\/p>\n<\/div>","protected":false},"excerpt":{"rendered":"<p>[vc_row][vc_column][\/vc_column][\/vc_row]<\/p>\n","protected":false},"author":4,"featured_media":0,"parent":0,"menu_order":0,"comment_status":"closed","ping_status":"closed","template":"","meta":{"_acf_changed":false,"_relevanssi_hide_post":"","_relevanssi_hide_content":"","_relevanssi_pin_for_all":"","_relevanssi_pin_keywords":"","_relevanssi_unpin_keywords":"","_relevanssi_related_keywords":"","_relevanssi_related_include_ids":"","_relevanssi_related_exclude_ids":"","_relevanssi_related_no_append":"","_relevanssi_related_not_related":"","_relevanssi_related_posts":"","_relevanssi_noindex_reason":"","footnotes":""},"class_list":["post-3386","page","type-page","status-publish","hentry"],"acf":[],"publishpress_future_action":{"enabled":false,"date":"2026-04-27 10:44:55","action":"change-status","newStatus":"draft","terms":[],"taxonomy":"translation_priority","extraData":[]},"publishpress_future_workflow_manual_trigger":{"enabledWorkflows":[]},"_links":{"self":[{"href":"https:\/\/nersc.no\/en\/wp-json\/wp\/v2\/pages\/3386","targetHints":{"allow":["GET"]}}],"collection":[{"href":"https:\/\/nersc.no\/en\/wp-json\/wp\/v2\/pages"}],"about":[{"href":"https:\/\/nersc.no\/en\/wp-json\/wp\/v2\/types\/page"}],"author":[{"embeddable":true,"href":"https:\/\/nersc.no\/en\/wp-json\/wp\/v2\/users\/4"}],"replies":[{"embeddable":true,"href":"https:\/\/nersc.no\/en\/wp-json\/wp\/v2\/comments?post=3386"}],"version-history":[{"count":2,"href":"https:\/\/nersc.no\/en\/wp-json\/wp\/v2\/pages\/3386\/revisions"}],"predecessor-version":[{"id":3388,"href":"https:\/\/nersc.no\/en\/wp-json\/wp\/v2\/pages\/3386\/revisions\/3388"}],"wp:attachment":[{"href":"https:\/\/nersc.no\/en\/wp-json\/wp\/v2\/media?parent=3386"}],"curies":[{"name":"wp","href":"https:\/\/api.w.org\/{rel}","templated":true}]}}