{"id":3382,"date":"2023-01-11T09:33:03","date_gmt":"2023-01-11T08:33:03","guid":{"rendered":"https:\/\/nersc.no\/?page_id=3382"},"modified":"2023-10-12T10:39:50","modified_gmt":"2023-10-12T08:39:50","slug":"review-articles","status":"publish","type":"page","link":"https:\/\/nersc.no\/en\/review-articles\/","title":{"rendered":"Review articles"},"content":{"rendered":"<div class=\"wpb-content-wrapper\"><p>[vc_row][vc_column]<div class=\"header left  \"><h1 class=\"heading-2\" title=\"Review articles\">Review articles<\/h1><\/div><div class='row api-cards'><div class='col-12 year'><p>2025<\/p><\/div>\n\t\t\t\t<div class='col-lg-4 col-md-4 col-sm-4'>\n\t\t\t\t\t<article class='api-card green'>\n\t\t\t\t\t\t<div class='main'>\n\t\t\t\t\t\t\t<div class='content'>\n\t\t\t\t\t\t\t\t<h2>ENSO impacts on marine ecosystems and fisheries in the tropical and South Atlantic<\/h2>\n\t\t\t\t\t\t\t\t<div class='names'>\n\t\t\t\t\t\t\t\t\tBel\u00e9n Rodr\u00edguez-Fonseca, Elena Calvo-Migu\u00e9lez, Lucia Montoya-Carramolino, Regina R. Rodrigues, Irene Polo, Marta Mart\u00edn-Rey\n\t\t\t\t\t\t\t\t<\/div>\n\t\t\t\t\t\t\t<\/div>\n\t\t\t\t\t\t\t<div class='footer'>\n\t\t\t\t\t\t\t\t<button aria-expanded='false' aria-controls='details-0'>Show details <img aria-hidden='true' src='\/wp-content\/themes\/ppcore\/assets\/images\/white-triangle.svg' alt='Arrow'><\/button>\n\t\t\t\t\t\t\t\t<a href=\"https:\/\/hdl.handle.net\/11250\/5347864\" title=\"Open in cristin\" target=\"_blank\" rel=\"noopener\"><img src='\/wp-content\/themes\/ppcore\/assets\/images\/white-arrow.svg' alt='arrow' aria-hidden='true'><\/a>\n\t\t\t\t\t\t\t<\/div>\n\t\t\t\t\t\t<\/div>\n\t\t\t\t\t\t<footer aria-hidden='true' id='details-0'>\n\t\t\t\t\t\t\t<table>\n\t\t\t\t\t\t\t\t<tbody>\n\t\t\t\t\t\t\t\t\t<tr>\n\t\t\t\t\t\t\t\t\t\t<td>Publication Type<\/td>\n\t\t\t\t\t\t\t\t\t\t<td>Academic literature review<\/td>\n\t\t\t\t\t\t\t\t\t<\/tr>\n\t\t\t\t\t\t\t\t\t<tr>\n\t\t\t\t\t\t\t\t\t\t<td>Year of publication<\/td>\n\t\t\t\t\t\t\t\t\t\t<td>2025<\/td>\n\t\t\t\t\t\t\t\t\t<\/tr>\n\t\t\t\t\t\t\t\t<\/tbody>\n\t\t\t\t\t\t\t<\/table>\n\t\t\t\t\t\t<\/footer>\n\t\t\t\t\t<\/article>\n\t\t\t\t<\/div>\n\t\t\t\n\t\t\t\t<div class='col-lg-4 col-md-4 col-sm-4'>\n\t\t\t\t\t<article class='api-card green'>\n\t\t\t\t\t\t<div class='main'>\n\t\t\t\t\t\t\t<div class='content'>\n\t\t\t\t\t\t\t\t<h2>Unraveling the Complexity of Global Climate Dynamics: Interactions among El Ni\u00f1o\u2013Southern Oscillation, Atlantic Meridional Overturning Circulation, and Tropical Basins Across Different Timescales<\/h2>\n\t\t\t\t\t\t\t\t<div class='names'>\n\t\t\t\t\t\t\t\t\tAixue Hu, Ingo Richter, Yuko Okumura, Natalie Burls, Noel Keenlyside, Rhys Parfitt\n\t\t\t\t\t\t\t\t<\/div>\n\t\t\t\t\t\t\t<\/div>\n\t\t\t\t\t\t\t<div class='footer'>\n\t\t\t\t\t\t\t\t<button aria-expanded='false' aria-controls='details-1'>Show details <img aria-hidden='true' src='\/wp-content\/themes\/ppcore\/assets\/images\/white-triangle.svg' alt='Arrow'><\/button>\n\t\t\t\t\t\t\t\t<a href=\"https:\/\/hdl.handle.net\/11250\/4602536\" title=\"Open in cristin\" target=\"_blank\" rel=\"noopener\"><img src='\/wp-content\/themes\/ppcore\/assets\/images\/white-arrow.svg' alt='arrow' aria-hidden='true'><\/a>\n\t\t\t\t\t\t\t<\/div>\n\t\t\t\t\t\t<\/div>\n\t\t\t\t\t\t<footer aria-hidden='true' id='details-1'>\n\t\t\t\t\t\t\t<table>\n\t\t\t\t\t\t\t\t<tbody>\n\t\t\t\t\t\t\t\t\t<tr>\n\t\t\t\t\t\t\t\t\t\t<td>Publication Type<\/td>\n\t\t\t\t\t\t\t\t\t\t<td>Academic literature review<\/td>\n\t\t\t\t\t\t\t\t\t<\/tr>\n\t\t\t\t\t\t\t\t\t<tr>\n\t\t\t\t\t\t\t\t\t\t<td>Year of publication<\/td>\n\t\t\t\t\t\t\t\t\t\t<td>2025<\/td>\n\t\t\t\t\t\t\t\t\t<\/tr>\n\t\t\t\t\t\t\t\t<\/tbody>\n\t\t\t\t\t\t\t<\/table>\n\t\t\t\t\t\t<\/footer>\n\t\t\t\t\t<\/article>\n\t\t\t\t<\/div>\n\t\t\t<div class='col-12 year'><p>2024<\/p><\/div>\n\t\t\t\t<div class='col-lg-4 col-md-4 col-sm-4'>\n\t\t\t\t\t<article class='api-card green'>\n\t\t\t\t\t\t<div class='main'>\n\t\t\t\t\t\t\t<div class='content'>\n\t\t\t\t\t\t\t\t<h2>Earth System Reanalysis in Support of Climate Model Improvements<\/h2>\n\t\t\t\t\t\t\t\t<div class='names'>\n\t\t\t\t\t\t\t\t\tDetlef Stammer, Daniel E. Amrhein, Magdalena Alonso Balmaseda, Laurent Bertino, Massimo Bonavita, Carlo Buontempo\n\t\t\t\t\t\t\t\t<\/div>\n\t\t\t\t\t\t\t<\/div>\n\t\t\t\t\t\t\t<div class='footer'>\n\t\t\t\t\t\t\t\t<button aria-expanded='false' aria-controls='details-2'>Show details <img aria-hidden='true' src='\/wp-content\/themes\/ppcore\/assets\/images\/white-triangle.svg' alt='Arrow'><\/button>\n\t\t\t\t\t\t\t\t<a href=\"https:\/\/hdl.handle.net\/11250\/3901961\" title=\"Open in cristin\" target=\"_blank\" rel=\"noopener\"><img src='\/wp-content\/themes\/ppcore\/assets\/images\/white-arrow.svg' alt='arrow' aria-hidden='true'><\/a>\n\t\t\t\t\t\t\t<\/div>\n\t\t\t\t\t\t<\/div>\n\t\t\t\t\t\t<footer aria-hidden='true' id='details-2'>\n\t\t\t\t\t\t\t<table>\n\t\t\t\t\t\t\t\t<tbody>\n\t\t\t\t\t\t\t\t\t<tr>\n\t\t\t\t\t\t\t\t\t\t<td>Publication Type<\/td>\n\t\t\t\t\t\t\t\t\t\t<td>Academic literature review<\/td>\n\t\t\t\t\t\t\t\t\t<\/tr>\n\t\t\t\t\t\t\t\t\t<tr>\n\t\t\t\t\t\t\t\t\t\t<td>Year of publication<\/td>\n\t\t\t\t\t\t\t\t\t\t<td>2024<\/td>\n\t\t\t\t\t\t\t\t\t<\/tr>\n\t\t\t\t\t\t\t\t<\/tbody>\n\t\t\t\t\t\t\t<\/table>\n\t\t\t\t\t\t<\/footer>\n\t\t\t\t\t<\/article>\n\t\t\t\t<\/div>\n\t\t\t\n\t\t\t\t<div class='col-lg-4 col-md-4 col-sm-4'>\n\t\t\t\t\t<article class='api-card green'>\n\t\t\t\t\t\t<div class='main'>\n\t\t\t\t\t\t\t<div class='content'>\n\t\t\t\t\t\t\t\t<h2>Machine learning for the physics of climate<\/h2>\n\t\t\t\t\t\t\t\t<div class='names'>\n\t\t\t\t\t\t\t\t\tAnnalisa Bracco, Julien Brajard, Henk A. Dijkstra, Pedram Hassanzadeh, Christian Lessig, Claire Monteleoni\n\t\t\t\t\t\t\t\t<\/div>\n\t\t\t\t\t\t\t<\/div>\n\t\t\t\t\t\t\t<div class='footer'>\n\t\t\t\t\t\t\t\t<button aria-expanded='false' aria-controls='details-3'>Show details <img aria-hidden='true' src='\/wp-content\/themes\/ppcore\/assets\/images\/white-triangle.svg' alt='Arrow'><\/button>\n\t\t\t\t\t\t\t\t<a href=\"https:\/\/hdl.handle.net\/11250\/4015783\" title=\"Open in cristin\" target=\"_blank\" rel=\"noopener\"><img src='\/wp-content\/themes\/ppcore\/assets\/images\/white-arrow.svg' alt='arrow' aria-hidden='true'><\/a>\n\t\t\t\t\t\t\t<\/div>\n\t\t\t\t\t\t<\/div>\n\t\t\t\t\t\t<footer aria-hidden='true' id='details-3'>\n\t\t\t\t\t\t\t<table>\n\t\t\t\t\t\t\t\t<tbody>\n\t\t\t\t\t\t\t\t\t<tr>\n\t\t\t\t\t\t\t\t\t\t<td>Publication Type<\/td>\n\t\t\t\t\t\t\t\t\t\t<td>Academic literature review<\/td>\n\t\t\t\t\t\t\t\t\t<\/tr>\n\t\t\t\t\t\t\t\t\t<tr>\n\t\t\t\t\t\t\t\t\t\t<td>Year of publication<\/td>\n\t\t\t\t\t\t\t\t\t\t<td>2024<\/td>\n\t\t\t\t\t\t\t\t\t<\/tr>\n\t\t\t\t\t\t\t\t<\/tbody>\n\t\t\t\t\t\t\t<\/table>\n\t\t\t\t\t\t<\/footer>\n\t\t\t\t\t<\/article>\n\t\t\t\t<\/div>\n\t\t\t<div class='col-12 year'><p>2023<\/p><\/div>\n\t\t\t\t<div class='col-lg-4 col-md-4 col-sm-4'>\n\t\t\t\t\t<article class='api-card green'>\n\t\t\t\t\t\t<div class='main'>\n\t\t\t\t\t\t\t<div class='content'>\n\t\t\t\t\t\t\t\t<h2>Machine Learning With Data Assimilation and Uncertainty Quantification for Dynamical Systems: A Review<\/h2>\n\t\t\t\t\t\t\t\t<div class='names'>\n\t\t\t\t\t\t\t\t\tSibo Cheng, Cesar Quilodran-Casas, Said Ouala, Alban Farchi, Che Liu, Pierre Tandeo\n\t\t\t\t\t\t\t\t<\/div>\n\t\t\t\t\t\t\t<\/div>\n\t\t\t\t\t\t\t<div class='footer'>\n\t\t\t\t\t\t\t\t<button aria-expanded='false' aria-controls='details-4'>Show details <img aria-hidden='true' src='\/wp-content\/themes\/ppcore\/assets\/images\/white-triangle.svg' alt='Arrow'><\/button>\n\t\t\t\t\t\t\t\t<a href=\"https:\/\/hdl.handle.net\/11250\/4759515\" title=\"Open in cristin\" target=\"_blank\" rel=\"noopener\"><img src='\/wp-content\/themes\/ppcore\/assets\/images\/white-arrow.svg' alt='arrow' aria-hidden='true'><\/a>\n\t\t\t\t\t\t\t<\/div>\n\t\t\t\t\t\t<\/div>\n\t\t\t\t\t\t<footer aria-hidden='true' id='details-4'>\n\t\t\t\t\t\t\t<table>\n\t\t\t\t\t\t\t\t<tbody>\n\t\t\t\t\t\t\t\t\t<tr>\n\t\t\t\t\t\t\t\t\t\t<td>Publication Type<\/td>\n\t\t\t\t\t\t\t\t\t\t<td>Academic literature review<\/td>\n\t\t\t\t\t\t\t\t\t<\/tr>\n\t\t\t\t\t\t\t\t\t<tr>\n\t\t\t\t\t\t\t\t\t\t<td>Year of publication<\/td>\n\t\t\t\t\t\t\t\t\t\t<td>2023<\/td>\n\t\t\t\t\t\t\t\t\t<\/tr>\n\t\t\t\t\t\t\t\t<\/tbody>\n\t\t\t\t\t\t\t<\/table>\n\t\t\t\t\t\t<\/footer>\n\t\t\t\t\t<\/article>\n\t\t\t\t<\/div>\n\t\t\t\n\t\t\t\t<div class='col-lg-4 col-md-4 col-sm-4'>\n\t\t\t\t\t<article class='api-card green'>\n\t\t\t\t\t\t<div class='main'>\n\t\t\t\t\t\t\t<div class='content'>\n\t\t\t\t\t\t\t\t<h2>Sea Ice Remote Sensing\u2014Recent Developments in Methods and Climate Data Sets<\/h2>\n\t\t\t\t\t\t\t\t<div class='names'>\n\t\t\t\t\t\t\t\t\tStein Sandven, Gunnar Spreen, Georg Heygster, Fanny Girard-Ardhuin, Sin\u00e9ad L. Farrell, Wolfgang Fritz Otto Dierking\n\t\t\t\t\t\t\t\t<\/div>\n\t\t\t\t\t\t\t<\/div>\n\t\t\t\t\t\t\t<div class='footer'>\n\t\t\t\t\t\t\t\t<button aria-expanded='false' aria-controls='details-5'>Show details <img aria-hidden='true' src='\/wp-content\/themes\/ppcore\/assets\/images\/white-triangle.svg' alt='Arrow'><\/button>\n\t\t\t\t\t\t\t\t<a href=\"https:\/\/hdl.handle.net\/10037\/30525\" title=\"Open in cristin\" target=\"_blank\" rel=\"noopener\"><img src='\/wp-content\/themes\/ppcore\/assets\/images\/white-arrow.svg' alt='arrow' aria-hidden='true'><\/a>\n\t\t\t\t\t\t\t<\/div>\n\t\t\t\t\t\t<\/div>\n\t\t\t\t\t\t<footer aria-hidden='true' id='details-5'>\n\t\t\t\t\t\t\t<table>\n\t\t\t\t\t\t\t\t<tbody>\n\t\t\t\t\t\t\t\t\t<tr>\n\t\t\t\t\t\t\t\t\t\t<td>Publication Type<\/td>\n\t\t\t\t\t\t\t\t\t\t<td>Academic literature review<\/td>\n\t\t\t\t\t\t\t\t\t<\/tr>\n\t\t\t\t\t\t\t\t\t<tr>\n\t\t\t\t\t\t\t\t\t\t<td>Year of publication<\/td>\n\t\t\t\t\t\t\t\t\t\t<td>2023<\/td>\n\t\t\t\t\t\t\t\t\t<\/tr>\n\t\t\t\t\t\t\t\t<\/tbody>\n\t\t\t\t\t\t\t<\/table>\n\t\t\t\t\t\t<\/footer>\n\t\t\t\t\t<\/article>\n\t\t\t\t<\/div>\n\t\t\t\n\t\t\t\t<div class='col-lg-4 col-md-4 col-sm-4'>\n\t\t\t\t\t<article class='api-card green'>\n\t\t\t\t\t\t<div class='main'>\n\t\t\t\t\t\t\t<div class='content'>\n\t\t\t\t\t\t\t\t<h2>Still Arctic? \u2014 The changing Barents Sea<\/h2>\n\t\t\t\t\t\t\t\t<div class='names'>\n\t\t\t\t\t\t\t\t\tSebastian Gerland, Randi Brunv\u00e6r Ingvaldsen, Marit Reigstad, Arild Sundfjord, Bjarte Bogstad, Melissa Chierici\n\t\t\t\t\t\t\t\t<\/div>\n\t\t\t\t\t\t\t<\/div>\n\t\t\t\t\t\t\t<div class='footer'>\n\t\t\t\t\t\t\t\t<button aria-expanded='false' aria-controls='details-6'>Show details <img aria-hidden='true' src='\/wp-content\/themes\/ppcore\/assets\/images\/white-triangle.svg' alt='Arrow'><\/button>\n\t\t\t\t\t\t\t\t<a href=\"https:\/\/hdl.handle.net\/10852\/106200\" title=\"Open in cristin\" target=\"_blank\" rel=\"noopener\"><img src='\/wp-content\/themes\/ppcore\/assets\/images\/white-arrow.svg' alt='arrow' aria-hidden='true'><\/a>\n\t\t\t\t\t\t\t<\/div>\n\t\t\t\t\t\t<\/div>\n\t\t\t\t\t\t<footer aria-hidden='true' id='details-6'>\n\t\t\t\t\t\t\t<table>\n\t\t\t\t\t\t\t\t<tbody>\n\t\t\t\t\t\t\t\t\t<tr>\n\t\t\t\t\t\t\t\t\t\t<td>Publication Type<\/td>\n\t\t\t\t\t\t\t\t\t\t<td>Academic literature review<\/td>\n\t\t\t\t\t\t\t\t\t<\/tr>\n\t\t\t\t\t\t\t\t\t<tr>\n\t\t\t\t\t\t\t\t\t\t<td>Year of publication<\/td>\n\t\t\t\t\t\t\t\t\t\t<td>2023<\/td>\n\t\t\t\t\t\t\t\t\t<\/tr>\n\t\t\t\t\t\t\t\t<\/tbody>\n\t\t\t\t\t\t\t<\/table>\n\t\t\t\t\t\t<\/footer>\n\t\t\t\t\t<\/article>\n\t\t\t\t<\/div>\n\t\t\t\n\t\t\t\t<div class='col-lg-4 col-md-4 col-sm-4'>\n\t\t\t\t\t<article class='api-card green'>\n\t\t\t\t\t\t<div class='main'>\n\t\t\t\t\t\t\t<div class='content'>\n\t\t\t\t\t\t\t\t<h2>Knowledge Gaps and Impact of Future Satellite Missions to Facilitate Monitoring of Changes in the Arctic Ocean<\/h2>\n\t\t\t\t\t\t\t\t<div class='names'>\n\t\t\t\t\t\t\t\t\tSylvain Lucas, Johnny Andre Johannessen, Mathilde Cancet, Lasse H Pettersson, Igor Esau, Jonathan Winfield Rheinl\u00e6nder\n\t\t\t\t\t\t\t\t<\/div>\n\t\t\t\t\t\t\t<\/div>\n\t\t\t\t\t\t\t<div class='footer'>\n\t\t\t\t\t\t\t\t<button aria-expanded='false' aria-controls='details-7'>Show details <img aria-hidden='true' src='\/wp-content\/themes\/ppcore\/assets\/images\/white-triangle.svg' alt='Arrow'><\/button>\n\t\t\t\t\t\t\t\t<a href=\"https:\/\/hdl.handle.net\/11250\/3083367\" title=\"Open in cristin\" target=\"_blank\" rel=\"noopener\"><img src='\/wp-content\/themes\/ppcore\/assets\/images\/white-arrow.svg' alt='arrow' aria-hidden='true'><\/a>\n\t\t\t\t\t\t\t<\/div>\n\t\t\t\t\t\t<\/div>\n\t\t\t\t\t\t<footer aria-hidden='true' id='details-7'>\n\t\t\t\t\t\t\t<table>\n\t\t\t\t\t\t\t\t<tbody>\n\t\t\t\t\t\t\t\t\t<tr>\n\t\t\t\t\t\t\t\t\t\t<td>Publication Type<\/td>\n\t\t\t\t\t\t\t\t\t\t<td>Academic literature review<\/td>\n\t\t\t\t\t\t\t\t\t<\/tr>\n\t\t\t\t\t\t\t\t\t<tr>\n\t\t\t\t\t\t\t\t\t\t<td>Year of publication<\/td>\n\t\t\t\t\t\t\t\t\t\t<td>2023<\/td>\n\t\t\t\t\t\t\t\t\t<\/tr>\n\t\t\t\t\t\t\t\t<\/tbody>\n\t\t\t\t\t\t\t<\/table>\n\t\t\t\t\t\t<\/footer>\n\t\t\t\t\t<\/article>\n\t\t\t\t<\/div>\n\t\t\t<div class='col-12 year'><p>2022<\/p><\/div>\n\t\t\t\t<div class='col-lg-4 col-md-4 col-sm-4'>\n\t\t\t\t\t<article class='api-card green'>\n\t\t\t\t\t\t<div class='main'>\n\t\t\t\t\t\t\t<div class='content'>\n\t\t\t\t\t\t\t\t<h2>Global sea-level budget and ocean-mass budget, with a focus on advanced data products and uncertainty characterisation<\/h2>\n\t\t\t\t\t\t\t\t<div class='names'>\n\t\t\t\t\t\t\t\t\tMartin Horwath, Benjamin D. Gutknecht, Anny Cazenave, Hindumathi K. Palanisamy, Florence Marti, Ben Marzeion\n\t\t\t\t\t\t\t\t<\/div>\n\t\t\t\t\t\t\t<\/div>\n\t\t\t\t\t\t\t<div class='footer'>\n\t\t\t\t\t\t\t\t<button aria-expanded='false' aria-controls='details-8'>Show details <img aria-hidden='true' src='\/wp-content\/themes\/ppcore\/assets\/images\/white-triangle.svg' alt='Arrow'><\/button>\n\t\t\t\t\t\t\t\t<a href=\"https:\/\/hdl.handle.net\/11250\/3000082\" title=\"Open in cristin\" target=\"_blank\" rel=\"noopener\"><img src='\/wp-content\/themes\/ppcore\/assets\/images\/white-arrow.svg' alt='arrow' aria-hidden='true'><\/a>\n\t\t\t\t\t\t\t<\/div>\n\t\t\t\t\t\t<\/div>\n\t\t\t\t\t\t<footer aria-hidden='true' id='details-8'>\n\t\t\t\t\t\t\t<table>\n\t\t\t\t\t\t\t\t<tbody>\n\t\t\t\t\t\t\t\t\t<tr>\n\t\t\t\t\t\t\t\t\t\t<td>Publication Type<\/td>\n\t\t\t\t\t\t\t\t\t\t<td>Academic literature review<\/td>\n\t\t\t\t\t\t\t\t\t<\/tr>\n\t\t\t\t\t\t\t\t\t<tr>\n\t\t\t\t\t\t\t\t\t\t<td>Year of publication<\/td>\n\t\t\t\t\t\t\t\t\t\t<td>2022<\/td>\n\t\t\t\t\t\t\t\t\t<\/tr>\n\t\t\t\t\t\t\t\t<\/tbody>\n\t\t\t\t\t\t\t<\/table>\n\t\t\t\t\t\t<\/footer>\n\t\t\t\t\t<\/article>\n\t\t\t\t<\/div>\n\t\t\t\n\t\t\t\t<div class='col-lg-4 col-md-4 col-sm-4'>\n\t\t\t\t\t<article class='api-card green'>\n\t\t\t\t\t\t<div class='main'>\n\t\t\t\t\t\t\t<div class='content'>\n\t\t\t\t\t\t\t\t<h2>Overview: Recent advances in the understanding of the northern Eurasian environments and of the urban air quality in China-a Pan-Eurasian Experiment (PEEX) programme perspective<\/h2>\n\t\t\t\t\t\t\t\t<div class='names'>\n\t\t\t\t\t\t\t\t\tHanna K. Lappalainen, Tuukka Pet\u00e4j\u00e4, Timo Pekka Vihma, Jouni R\u00e4is\u00e4nen, Alexander Baklanov, Sergey Chalov\n\t\t\t\t\t\t\t\t<\/div>\n\t\t\t\t\t\t\t<\/div>\n\t\t\t\t\t\t\t<div class='footer'>\n\t\t\t\t\t\t\t\t<button aria-expanded='false' aria-controls='details-9'>Show details <img aria-hidden='true' src='\/wp-content\/themes\/ppcore\/assets\/images\/white-triangle.svg' alt='Arrow'><\/button>\n\t\t\t\t\t\t\t\t<a href=\"https:\/\/hdl.handle.net\/10037\/26454\" title=\"Open in cristin\" target=\"_blank\" rel=\"noopener\"><img src='\/wp-content\/themes\/ppcore\/assets\/images\/white-arrow.svg' alt='arrow' aria-hidden='true'><\/a>\n\t\t\t\t\t\t\t<\/div>\n\t\t\t\t\t\t<\/div>\n\t\t\t\t\t\t<footer aria-hidden='true' id='details-9'>\n\t\t\t\t\t\t\t<table>\n\t\t\t\t\t\t\t\t<tbody>\n\t\t\t\t\t\t\t\t\t<tr>\n\t\t\t\t\t\t\t\t\t\t<td>Publication Type<\/td>\n\t\t\t\t\t\t\t\t\t\t<td>Academic literature review<\/td>\n\t\t\t\t\t\t\t\t\t<\/tr>\n\t\t\t\t\t\t\t\t\t<tr>\n\t\t\t\t\t\t\t\t\t\t<td>Year of publication<\/td>\n\t\t\t\t\t\t\t\t\t\t<td>2022<\/td>\n\t\t\t\t\t\t\t\t\t<\/tr>\n\t\t\t\t\t\t\t\t<\/tbody>\n\t\t\t\t\t\t\t<\/table>\n\t\t\t\t\t\t<\/footer>\n\t\t\t\t\t<\/article>\n\t\t\t\t<\/div>\n\t\t\t\n\t\t\t\t<div class='col-lg-4 col-md-4 col-sm-4'>\n\t\t\t\t\t<article class='api-card green'>\n\t\t\t\t\t\t<div class='main'>\n\t\t\t\t\t\t\t<div class='content'>\n\t\t\t\t\t\t\t\t<h2>Introduction to the special issue on ocean acoustics in the changing arctic<\/h2>\n\t\t\t\t\t\t\t\t<div class='names'>\n\t\t\t\t\t\t\t\t\tPeter F. Worcester, Mohsen Badley, Hanne Sagen\n\t\t\t\t\t\t\t\t<\/div>\n\t\t\t\t\t\t\t<\/div>\n\t\t\t\t\t\t\t<div class='footer'>\n\t\t\t\t\t\t\t\t<button aria-expanded='false' aria-controls='details-10'>Show details <img aria-hidden='true' src='\/wp-content\/themes\/ppcore\/assets\/images\/white-triangle.svg' alt='Arrow'><\/button>\n\t\t\t\t\t\t\t\t<a href=\"https:\/\/hdl.handle.net\/11250\/4785838\" title=\"Open in cristin\" target=\"_blank\" rel=\"noopener\"><img src='\/wp-content\/themes\/ppcore\/assets\/images\/white-arrow.svg' alt='arrow' aria-hidden='true'><\/a>\n\t\t\t\t\t\t\t<\/div>\n\t\t\t\t\t\t<\/div>\n\t\t\t\t\t\t<footer aria-hidden='true' id='details-10'>\n\t\t\t\t\t\t\t<table>\n\t\t\t\t\t\t\t\t<tbody>\n\t\t\t\t\t\t\t\t\t<tr>\n\t\t\t\t\t\t\t\t\t\t<td>Publication Type<\/td>\n\t\t\t\t\t\t\t\t\t\t<td>Academic literature review<\/td>\n\t\t\t\t\t\t\t\t\t<\/tr>\n\t\t\t\t\t\t\t\t\t<tr>\n\t\t\t\t\t\t\t\t\t\t<td>Year of publication<\/td>\n\t\t\t\t\t\t\t\t\t\t<td>2022<\/td>\n\t\t\t\t\t\t\t\t\t<\/tr>\n\t\t\t\t\t\t\t\t<\/tbody>\n\t\t\t\t\t\t\t<\/table>\n\t\t\t\t\t\t<\/footer>\n\t\t\t\t\t<\/article>\n\t\t\t\t<\/div>\n\t\t\t\n\t\t\t\t<div class='col-lg-4 col-md-4 col-sm-4'>\n\t\t\t\t\t<article class='api-card green'>\n\t\t\t\t\t\t<div class='main'>\n\t\t\t\t\t\t\t<div class='content'>\n\t\t\t\t\t\t\t\t<h2>Comparing recent changes in the Arctic and the Third Pole: linking science and policy<\/h2>\n\t\t\t\t\t\t\t\t<div class='names'>\n\t\t\t\t\t\t\t\t\tMichelle Fernandes, Kabir Rasouli, Pavel Golubkin, Azam Dolatshah, Iuliia Radchenko, Uliana Prokhorova\n\t\t\t\t\t\t\t\t<\/div>\n\t\t\t\t\t\t\t<\/div>\n\t\t\t\t\t\t\t<div class='footer'>\n\t\t\t\t\t\t\t\t<button aria-expanded='false' aria-controls='details-11'>Show details <img aria-hidden='true' src='\/wp-content\/themes\/ppcore\/assets\/images\/white-triangle.svg' alt='Arrow'><\/button>\n\t\t\t\t\t\t\t\t<a href=\"https:\/\/hdl.handle.net\/11250\/4165243\" title=\"Open in cristin\" target=\"_blank\" rel=\"noopener\"><img src='\/wp-content\/themes\/ppcore\/assets\/images\/white-arrow.svg' alt='arrow' aria-hidden='true'><\/a>\n\t\t\t\t\t\t\t<\/div>\n\t\t\t\t\t\t<\/div>\n\t\t\t\t\t\t<footer aria-hidden='true' id='details-11'>\n\t\t\t\t\t\t\t<table>\n\t\t\t\t\t\t\t\t<tbody>\n\t\t\t\t\t\t\t\t\t<tr>\n\t\t\t\t\t\t\t\t\t\t<td>Publication Type<\/td>\n\t\t\t\t\t\t\t\t\t\t<td>Academic literature review<\/td>\n\t\t\t\t\t\t\t\t\t<\/tr>\n\t\t\t\t\t\t\t\t\t<tr>\n\t\t\t\t\t\t\t\t\t\t<td>Year of publication<\/td>\n\t\t\t\t\t\t\t\t\t\t<td>2022<\/td>\n\t\t\t\t\t\t\t\t\t<\/tr>\n\t\t\t\t\t\t\t\t<\/tbody>\n\t\t\t\t\t\t\t<\/table>\n\t\t\t\t\t\t<\/footer>\n\t\t\t\t\t<\/article>\n\t\t\t\t<\/div>\n\t\t\t<\/div><ul class=\"pagination\"><li class=\"active\"><span>1<\/span><\/li>\n\t\t\t\t\t\t<li>\n\t\t\t\t\t\t\t<a href=\"\/oversiktsartikler\/?wpage=2\">2<\/a>\n\t\t\t\t\t\t<\/li>\n\t\t\t\t\t\t<li>\n\t\t\t\t\t\t\t<a href=\"\/oversiktsartikler\/?wpage=3\">3<\/a>\n\t\t\t\t\t\t<\/li>\n\t\t\t\t\t\t<li>\n\t\t\t\t\t\t\t<a href=\"\/oversiktsartikler\/?wpage=4\">4<\/a>\n\t\t\t\t\t\t<\/li>\n\t\t\t\t<li class=\"next\">\n\t\t\t\t\t<a href=\"\/oversiktsartikler\/?wpage=2\"><img decoding=\"async\" src=\"\/wp-content\/themes\/ppcore\/assets\/images\/arrow-right.svg\" title=\"Next\"><\/a>\n\t\t\t\t<\/li><\/ul>[\/vc_column][\/vc_row]<\/p>\n<\/div>","protected":false},"excerpt":{"rendered":"<p>[vc_row][vc_column][\/vc_column][\/vc_row]<\/p>\n","protected":false},"author":4,"featured_media":0,"parent":0,"menu_order":0,"comment_status":"closed","ping_status":"closed","template":"","meta":{"_acf_changed":false,"_relevanssi_hide_post":"","_relevanssi_hide_content":"","_relevanssi_pin_for_all":"","_relevanssi_pin_keywords":"","_relevanssi_unpin_keywords":"","_relevanssi_related_keywords":"","_relevanssi_related_include_ids":"","_relevanssi_related_exclude_ids":"","_relevanssi_related_no_append":"","_relevanssi_related_not_related":"","_relevanssi_related_posts":"","_relevanssi_noindex_reason":"","footnotes":""},"class_list":["post-3382","page","type-page","status-publish","hentry"],"acf":[],"publishpress_future_action":{"enabled":false,"date":"2026-05-16 11:16:23","action":"change-status","newStatus":"draft","terms":[],"taxonomy":"translation_priority","extraData":[]},"publishpress_future_workflow_manual_trigger":{"enabledWorkflows":[]},"_links":{"self":[{"href":"https:\/\/nersc.no\/en\/wp-json\/wp\/v2\/pages\/3382","targetHints":{"allow":["GET"]}}],"collection":[{"href":"https:\/\/nersc.no\/en\/wp-json\/wp\/v2\/pages"}],"about":[{"href":"https:\/\/nersc.no\/en\/wp-json\/wp\/v2\/types\/page"}],"author":[{"embeddable":true,"href":"https:\/\/nersc.no\/en\/wp-json\/wp\/v2\/users\/4"}],"replies":[{"embeddable":true,"href":"https:\/\/nersc.no\/en\/wp-json\/wp\/v2\/comments?post=3382"}],"version-history":[{"count":3,"href":"https:\/\/nersc.no\/en\/wp-json\/wp\/v2\/pages\/3382\/revisions"}],"predecessor-version":[{"id":3385,"href":"https:\/\/nersc.no\/en\/wp-json\/wp\/v2\/pages\/3382\/revisions\/3385"}],"wp:attachment":[{"href":"https:\/\/nersc.no\/en\/wp-json\/wp\/v2\/media?parent=3382"}],"curies":[{"name":"wp","href":"https:\/\/api.w.org\/{rel}","templated":true}]}}