{"id":3254,"date":"2023-08-21T09:15:51","date_gmt":"2023-08-21T07:15:51","guid":{"rendered":"https:\/\/nersc.no\/?page_id=3254"},"modified":"2023-10-24T09:14:53","modified_gmt":"2023-10-24T07:14:53","slug":"research-area","status":"publish","type":"page","link":"https:\/\/nersc.no\/en\/research-area\/","title":{"rendered":"Research area"},"content":{"rendered":"<div class=\"wpb-content-wrapper\"><p>[vc_row disable_element=&#8221;yes&#8221;][vc_column]<div class=\"header center  \"><h1 class=\"heading-2\" title=\"Research\">Research<\/h1><div class=\"subheader\"><p>Lorem ipsum dolor sit amet, consectetur adipiscing elit. Donec venenatis, nibh sed commodo accumsan, magna diam imperdiet nunc, sit amet lobortis massa est et risus. Proin vulputate nisl in elit vestibulum, sit amet viverra mauris volutpat. Vivamus commodo nibh at magna tempus pulvinar. Quisque molestie interdum est ut dapibus.<\/p><\/div><\/div><div class=\"spacer\" style=\"--space-sm: 30px;--space-md: 30px;--space-lg: 30px;--space-xl: 30px;\"><\/div>[\/vc_column][\/vc_row][vc_row][vc_column]<div class=\"header left  \"><h2 class=\"heading-3\" title=\"Research areas\">Research areas<\/h2><\/div>[\/vc_column][\/vc_row][vc_row equal_height=&#8221;yes&#8221;][vc_column width=&#8221;1\/3&#8243;]<div class=\"box-with-links-container\"><ul class=\"links\">\n\t\t<li>\n\t\t\t<a class=\"highlight\" href=\"https:\/\/nersc.no\/en\/research-area\/climate-and-environment\/\" title=\"G\u00e5 til Climate and environment\">\n\t\t\t\t<span class=\"name\">Climate and environment<\/span><img decoding=\"async\" src=\"\/wp-content\/themes\/ppcore\/assets\/images\/green-arrow.svg\" alt=\"Pil icon\" aria-hidden=\"true\">\n\t\t\t<\/a>\n\t\t<\/li>\n\t\t<li>\n\t\t\t<a class=\"\" href=\"https:\/\/nersc.no\/en\/research-area\/climate-and-environment\/global-climate\/\" title=\"G\u00e5 til Global climate\">\n\t\t\t\t<span class=\"name\">Global climate<\/span><img decoding=\"async\" src=\"\/wp-content\/themes\/ppcore\/assets\/images\/green-arrow.svg\" alt=\"Pil icon\" aria-hidden=\"true\">\n\t\t\t<\/a>\n\t\t<\/li>\n\t\t<li>\n\t\t\t<a class=\"\" href=\"https:\/\/nersc.no\/en\/research-area\/climate-and-environment\/local-and-regional-climate\/\" title=\"G\u00e5 til Local and regional climate\">\n\t\t\t\t<span class=\"name\">Local and regional climate<\/span><img decoding=\"async\" src=\"\/wp-content\/themes\/ppcore\/assets\/images\/green-arrow.svg\" alt=\"Pil icon\" aria-hidden=\"true\">\n\t\t\t<\/a>\n\t\t<\/li>\n\t\t<li>\n\t\t\t<a class=\"\" href=\"https:\/\/nersc.no\/en\/research-area\/climate-and-environment\/extreme-weather-situations\/\" title=\"G\u00e5 til Extreme weather situations\">\n\t\t\t\t<span class=\"name\">Extreme weather situations<\/span><img decoding=\"async\" src=\"\/wp-content\/themes\/ppcore\/assets\/images\/green-arrow.svg\" alt=\"Pil icon\" aria-hidden=\"true\">\n\t\t\t<\/a>\n\t\t<\/li>\n\t\t<li>\n\t\t\t<a class=\"\" href=\"https:\/\/nersc.no\/en\/research-area\/climate-and-environment\/climate-effects-and-adaptations\/\" title=\"G\u00e5 til Climate effects and adaptations\">\n\t\t\t\t<span class=\"name\">Climate effects and adaptations<\/span><img decoding=\"async\" src=\"\/wp-content\/themes\/ppcore\/assets\/images\/green-arrow.svg\" alt=\"Pil icon\" aria-hidden=\"true\">\n\t\t\t<\/a>\n\t\t<\/li>\n\t\t<li>\n\t\t\t<a class=\"\" href=\"https:\/\/nersc.no\/en\/research-area\/climate-and-environment\/air-sea-interactions\/\" title=\"G\u00e5 til Air-sea interactions\">\n\t\t\t\t<span class=\"name\">Air-sea interactions<\/span><img decoding=\"async\" src=\"\/wp-content\/themes\/ppcore\/assets\/images\/green-arrow.svg\" alt=\"Pil icon\" aria-hidden=\"true\">\n\t\t\t<\/a>\n\t\t<\/li><\/ul><\/div>[\/vc_column][vc_column width=&#8221;1\/3&#8243;]<div class=\"box-with-links-container\"><ul class=\"links\">\n\t\t<li>\n\t\t\t<a class=\"highlight\" href=\"https:\/\/nersc.no\/en\/research-area\/ocean\/\" title=\"G\u00e5 til Ocean\">\n\t\t\t\t<span class=\"name\">Ocean<\/span><img decoding=\"async\" src=\"\/wp-content\/themes\/ppcore\/assets\/images\/green-arrow.svg\" alt=\"Pil icon\" aria-hidden=\"true\">\n\t\t\t<\/a>\n\t\t<\/li>\n\t\t<li>\n\t\t\t<a class=\"\" href=\"https:\/\/nersc.no\/en\/research-area\/ocean\/marine-ecosystems\/\" title=\"G\u00e5 til Marine ecosystems\">\n\t\t\t\t<span class=\"name\">Marine ecosystems<\/span><img decoding=\"async\" src=\"\/wp-content\/themes\/ppcore\/assets\/images\/green-arrow.svg\" alt=\"Pil icon\" aria-hidden=\"true\">\n\t\t\t<\/a>\n\t\t<\/li>\n\t\t<li>\n\t\t\t<a class=\"\" href=\"https:\/\/nersc.no\/en\/research-area\/ocean\/wind-and-waves\/\" title=\"G\u00e5 til Wind and waves\">\n\t\t\t\t<span class=\"name\">Wind and waves<\/span><img decoding=\"async\" src=\"\/wp-content\/themes\/ppcore\/assets\/images\/green-arrow.svg\" alt=\"Pil icon\" aria-hidden=\"true\">\n\t\t\t<\/a>\n\t\t<\/li>\n\t\t<li>\n\t\t\t<a class=\"\" href=\"https:\/\/nersc.no\/en\/research-area\/ocean\/ocean-currents-and-water-temperatures\/\" title=\"G\u00e5 til Ocean currents and water temperatures\">\n\t\t\t\t<span class=\"name\">Ocean currents and water temperatures<\/span><img decoding=\"async\" src=\"\/wp-content\/themes\/ppcore\/assets\/images\/green-arrow.svg\" alt=\"Pil icon\" aria-hidden=\"true\">\n\t\t\t<\/a>\n\t\t<\/li>\n\t\t<li>\n\t\t\t<a class=\"\" href=\"https:\/\/nersc.no\/en\/research-area\/climate-and-environment\/air-sea-interactions\/\" title=\"G\u00e5 til Air-sea interactions\">\n\t\t\t\t<span class=\"name\">Air-sea interactions<\/span><img decoding=\"async\" src=\"\/wp-content\/themes\/ppcore\/assets\/images\/green-arrow.svg\" alt=\"Pil icon\" aria-hidden=\"true\">\n\t\t\t<\/a>\n\t\t<\/li>\n\t\t<li>\n\t\t\t<a class=\"\" href=\"https:\/\/nersc.no\/en\/research-area\/ocean\/sounds-in-the-ocean\/\" title=\"G\u00e5 til Sounds in the ocean\">\n\t\t\t\t<span class=\"name\">Sounds in the ocean<\/span><img decoding=\"async\" src=\"\/wp-content\/themes\/ppcore\/assets\/images\/green-arrow.svg\" alt=\"Pil icon\" aria-hidden=\"true\">\n\t\t\t<\/a>\n\t\t<\/li><\/ul><\/div>[\/vc_column][vc_column width=&#8221;1\/3&#8243;]<div class=\"box-with-links-container\"><ul class=\"links\">\n\t\t<li>\n\t\t\t<a class=\"highlight\" href=\"https:\/\/nersc.no\/en\/research-area\/sea-ice\/\" title=\"G\u00e5 til Sea ice\">\n\t\t\t\t<span class=\"name\">Sea ice<\/span><img decoding=\"async\" src=\"\/wp-content\/themes\/ppcore\/assets\/images\/green-arrow.svg\" alt=\"Pil icon\" aria-hidden=\"true\">\n\t\t\t<\/a>\n\t\t<\/li>\n\t\t<li>\n\t\t\t<a class=\"\" href=\"https:\/\/nersc.no\/en\/research-area\/sea-ice\/movement-distribution-and-thickness\/\" title=\"G\u00e5 til Movement, distribution, and thickness\">\n\t\t\t\t<span class=\"name\">Movement, distribution, and thickness<\/span><img decoding=\"async\" src=\"\/wp-content\/themes\/ppcore\/assets\/images\/green-arrow.svg\" alt=\"Pil icon\" aria-hidden=\"true\">\n\t\t\t<\/a>\n\t\t<\/li>\n\t\t<li>\n\t\t\t<a class=\"\" href=\"https:\/\/nersc.no\/en\/research-area\/sea-ice\/air-sea-ice-interactions\/\" title=\"G\u00e5 til Air-sea-ice interactions\">\n\t\t\t\t<span class=\"name\">Air-sea-ice interactions<\/span><img decoding=\"async\" src=\"\/wp-content\/themes\/ppcore\/assets\/images\/green-arrow.svg\" alt=\"Pil icon\" aria-hidden=\"true\">\n\t\t\t<\/a>\n\t\t<\/li>\n\t\t<li>\n\t\t\t<a class=\"\" href=\"https:\/\/nersc.no\/en\/research-area\/sea-ice\/sound-as-measuring-instrument\/\" title=\"G\u00e5 til Sound as measuring instrument\">\n\t\t\t\t<span class=\"name\">Sound as measuring instrument<\/span><img decoding=\"async\" src=\"\/wp-content\/themes\/ppcore\/assets\/images\/green-arrow.svg\" alt=\"Pil icon\" aria-hidden=\"true\">\n\t\t\t<\/a>\n\t\t<\/li>\n\t\t<li>\n\t\t\t<a class=\"\" href=\"https:\/\/nersc.no\/en\/research-area\/sea-ice\/waves-and-ice\/\" title=\"G\u00e5 til Waves and ice\">\n\t\t\t\t<span class=\"name\">Waves and ice<\/span><img decoding=\"async\" src=\"\/wp-content\/themes\/ppcore\/assets\/images\/green-arrow.svg\" alt=\"Pil icon\" aria-hidden=\"true\">\n\t\t\t<\/a>\n\t\t<\/li><\/ul><\/div>[\/vc_column][\/vc_row][vc_row equal_height=&#8221;yes&#8221;][vc_column width=&#8221;1\/3&#8243;]<div class=\"box-with-links-container\"><ul class=\"links\">\n\t\t<li>\n\t\t\t<a class=\"highlight\" href=\"https:\/\/nersc.no\/en\/research-area\/models\/\" title=\"G\u00e5 til Models\">\n\t\t\t\t<span class=\"name\">Models<\/span><img decoding=\"async\" src=\"\/wp-content\/themes\/ppcore\/assets\/images\/green-arrow.svg\" alt=\"Pil icon\" aria-hidden=\"true\">\n\t\t\t<\/a>\n\t\t<\/li>\n\t\t<li>\n\t\t\t<a class=\"\" href=\"https:\/\/nersc.no\/en\/research-area\/models\/data-assimilation\/\" title=\"G\u00e5 til Data assimilation\">\n\t\t\t\t<span class=\"name\">Data assimilation<\/span><img decoding=\"async\" src=\"\/wp-content\/themes\/ppcore\/assets\/images\/green-arrow.svg\" alt=\"Pil icon\" aria-hidden=\"true\">\n\t\t\t<\/a>\n\t\t<\/li>\n\t\t<li>\n\t\t\t<a class=\"\" href=\"https:\/\/nersc.no\/en\/research-area\/models\/artificial-intelligence\/\" title=\"G\u00e5 til Artificial intelligence\">\n\t\t\t\t<span class=\"name\">Artificial intelligence<\/span><img decoding=\"async\" src=\"\/wp-content\/themes\/ppcore\/assets\/images\/green-arrow.svg\" alt=\"Pil icon\" aria-hidden=\"true\">\n\t\t\t<\/a>\n\t\t<\/li>\n\t\t<li>\n\t\t\t<a class=\"\" href=\"https:\/\/nersc.no\/en\/research-area\/models\/ocean-models\/\" title=\"G\u00e5 til Ocean models\">\n\t\t\t\t<span class=\"name\">Ocean models<\/span><img decoding=\"async\" src=\"\/wp-content\/themes\/ppcore\/assets\/images\/green-arrow.svg\" alt=\"Pil icon\" aria-hidden=\"true\">\n\t\t\t<\/a>\n\t\t<\/li>\n\t\t<li>\n\t\t\t<a class=\"\" href=\"https:\/\/nersc.no\/en\/research-area\/models\/sea-ice-models\/\" title=\"G\u00e5 til Sea-ice models\">\n\t\t\t\t<span class=\"name\">Sea-ice models<\/span><img decoding=\"async\" src=\"\/wp-content\/themes\/ppcore\/assets\/images\/green-arrow.svg\" alt=\"Pil icon\" aria-hidden=\"true\">\n\t\t\t<\/a>\n\t\t<\/li>\n\t\t<li>\n\t\t\t<a class=\"\" href=\"https:\/\/nersc.no\/en\/research-area\/models\/climate-models\/\" title=\"G\u00e5 til Climate models\">\n\t\t\t\t<span class=\"name\">Climate models<\/span><img decoding=\"async\" src=\"\/wp-content\/themes\/ppcore\/assets\/images\/green-arrow.svg\" alt=\"Pil icon\" aria-hidden=\"true\">\n\t\t\t<\/a>\n\t\t<\/li><\/ul><\/div>[\/vc_column][vc_column width=&#8221;1\/3&#8243;]<div class=\"box-with-links-container\"><ul class=\"links\">\n\t\t<li>\n\t\t\t<a class=\"highlight\" href=\"https:\/\/nersc.no\/en\/research-area\/digitization\/\" title=\"G\u00e5 til Digitization\">\n\t\t\t\t<span class=\"name\">Digitization<\/span><img decoding=\"async\" src=\"\/wp-content\/themes\/ppcore\/assets\/images\/green-arrow.svg\" alt=\"Pil icon\" aria-hidden=\"true\">\n\t\t\t<\/a>\n\t\t<\/li>\n\t\t<li>\n\t\t\t<a class=\"\" href=\"https:\/\/nersc.no\/en\/research-area\/digitization\/observation-systems-in-the-ocean\/\" title=\"G\u00e5 til Observation systems in the ocean\">\n\t\t\t\t<span class=\"name\">Observation systems in the ocean<\/span><img decoding=\"async\" src=\"\/wp-content\/themes\/ppcore\/assets\/images\/green-arrow.svg\" alt=\"Pil icon\" aria-hidden=\"true\">\n\t\t\t<\/a>\n\t\t<\/li>\n\t\t<li>\n\t\t\t<a class=\"\" href=\"https:\/\/nersc.no\/en\/research-area\/digitization\/use-of-satellite-data\/\" title=\"G\u00e5 til Use of satellite data\">\n\t\t\t\t<span class=\"name\">Use of satellite data<\/span><img decoding=\"async\" src=\"\/wp-content\/themes\/ppcore\/assets\/images\/green-arrow.svg\" alt=\"Pil icon\" aria-hidden=\"true\">\n\t\t\t<\/a>\n\t\t<\/li>\n\t\t<li>\n\t\t\t<a class=\"\" href=\"https:\/\/nersc.no\/en\/research-area\/models\/artificial-intelligence\/\" title=\"G\u00e5 til Artificial intelligence\">\n\t\t\t\t<span class=\"name\">Artificial intelligence<\/span><img decoding=\"async\" src=\"\/wp-content\/themes\/ppcore\/assets\/images\/green-arrow.svg\" alt=\"Pil icon\" aria-hidden=\"true\">\n\t\t\t<\/a>\n\t\t<\/li>\n\t\t<li>\n\t\t\t<a class=\"\" href=\"https:\/\/nersc.no\/en\/research-area\/digitization\/management-of-research-data\/\" title=\"G\u00e5 til Management of research data\">\n\t\t\t\t<span class=\"name\">Management of research data<\/span><img decoding=\"async\" src=\"\/wp-content\/themes\/ppcore\/assets\/images\/green-arrow.svg\" alt=\"Pil icon\" aria-hidden=\"true\">\n\t\t\t<\/a>\n\t\t<\/li>\n\t\t<li>\n\t\t\t<a class=\"\" href=\"https:\/\/nersc.no\/en\/research-area\/digitization\/visualisation-of-research-data\/\" title=\"G\u00e5 til Visualisation of research data\">\n\t\t\t\t<span class=\"name\">Visualisation of research data<\/span><img decoding=\"async\" src=\"\/wp-content\/themes\/ppcore\/assets\/images\/green-arrow.svg\" alt=\"Pil icon\" aria-hidden=\"true\">\n\t\t\t<\/a>\n\t\t<\/li>\n\t\t<li>\n\t\t\t<a class=\"\" href=\"https:\/\/nersc.no\/en\/research-area\/digitization\/digital-twins\/\" title=\"G\u00e5 til Digital twins\">\n\t\t\t\t<span class=\"name\">Digital twins<\/span><img decoding=\"async\" src=\"\/wp-content\/themes\/ppcore\/assets\/images\/green-arrow.svg\" alt=\"Pil icon\" aria-hidden=\"true\">\n\t\t\t<\/a>\n\t\t<\/li>\n\t\t<li>\n\t\t\t<a class=\"\" href=\"https:\/\/nersc.no\/en\/research-area\/models\/data-assimilation\/\" title=\"G\u00e5 til Data assimilation\">\n\t\t\t\t<span class=\"name\">Data assimilation<\/span><img decoding=\"async\" src=\"\/wp-content\/themes\/ppcore\/assets\/images\/green-arrow.svg\" alt=\"Pil icon\" aria-hidden=\"true\">\n\t\t\t<\/a>\n\t\t<\/li><\/ul><\/div>[\/vc_column][vc_column width=&#8221;1\/3&#8243;][\/vc_column][\/vc_row][vc_row disable_element=&#8221;yes&#8221;][vc_column]<div class=\"spacer\" style=\"--space-sm: 30px;--space-md: 30px;--space-lg: 30px;--space-xl: 30px;\"><\/div>[\/vc_column][\/vc_row][vc_row equal_height=&#8221;yes&#8221; disable_element=&#8221;yes&#8221;][vc_column width=&#8221;1\/3&#8243;]<div class=\"header left  \"><h2 class=\"heading-3\" title=\"RESEARCH PROJECTS\">RESEARCH PROJECTS<\/h2><\/div><div class=\"box-with-links-container\"><ul class=\"links\">\n\t\t<li>\n\t\t\t<a class=\"highlight\" href=\"http:\/\/nersc.no\/forskningsomrader\/digitalisering\/\" title=\"G\u00e5 til P\u00e5g\u00e5ende prosjekt\">\n\t\t\t\t<span class=\"name\">P\u00e5g\u00e5ende prosjekt<\/span><img decoding=\"async\" src=\"\/wp-content\/themes\/ppcore\/assets\/images\/green-arrow.svg\" alt=\"Pil icon\" aria-hidden=\"true\">\n\t\t\t<\/a>\n\t\t<\/li>\n\t\t<li>\n\t\t\t<a class=\"highlight\" href=\"http:\/\/nersc.no\/avsluttede-prosjekt\/\" title=\"G\u00e5 til Avsluttede prosjekt\">\n\t\t\t\t<span class=\"name\">Avsluttede prosjekt<\/span><img decoding=\"async\" src=\"\/wp-content\/themes\/ppcore\/assets\/images\/green-arrow.svg\" alt=\"Pil icon\" aria-hidden=\"true\">\n\t\t\t<\/a>\n\t\t<\/li>\n\t\t<li>\n\t\t\t<a class=\"highlight\" href=\"http:\/\/nersc.no\/prosjekter-og-baerekraftsmal\/\" title=\"G\u00e5 til Prosjekter og b\u00e6rekraftsm\u00e5l\">\n\t\t\t\t<span class=\"name\">Prosjekter og b\u00e6rekraftsm\u00e5l<\/span><img decoding=\"async\" src=\"\/wp-content\/themes\/ppcore\/assets\/images\/green-arrow.svg\" alt=\"Pil icon\" aria-hidden=\"true\">\n\t\t\t<\/a>\n\t\t<\/li><\/ul><\/div>[\/vc_column][vc_column width=&#8221;1\/3&#8243;]<div class=\"header left  \"><h2 class=\"heading-3\" title=\"RESEARCH RESULTS\">RESEARCH RESULTS<\/h2><\/div><div class=\"box-with-links-container\"><ul class=\"links\">\n\t\t<li>\n\t\t\t<a class=\"highlight\" href=\"http:\/\/nersc.no\/publikasjoner\/\" title=\"G\u00e5 til Publikasjoner\">\n\t\t\t\t<span class=\"name\">Publikasjoner<\/span><img decoding=\"async\" src=\"\/wp-content\/themes\/ppcore\/assets\/images\/green-arrow.svg\" alt=\"Pil icon\" aria-hidden=\"true\">\n\t\t\t<\/a>\n\t\t<\/li>\n\t\t<li>\n\t\t\t<a class=\"highlight\" href=\"http:\/\/nersc.no\/bokkapitler\/\" title=\"G\u00e5 til Bokkapitler\">\n\t\t\t\t<span class=\"name\">Bokkapitler<\/span><img decoding=\"async\" src=\"\/wp-content\/themes\/ppcore\/assets\/images\/green-arrow.svg\" alt=\"Pil icon\" aria-hidden=\"true\">\n\t\t\t<\/a>\n\t\t<\/li>\n\t\t<li>\n\t\t\t<a class=\"highlight\" href=\"http:\/\/nersc.no\/oversiktsartikler\/\" title=\"G\u00e5 til Oversiktsartikler\">\n\t\t\t\t<span class=\"name\">Oversiktsartikler<\/span><img decoding=\"async\" src=\"\/wp-content\/themes\/ppcore\/assets\/images\/green-arrow.svg\" alt=\"Pil icon\" aria-hidden=\"true\">\n\t\t\t<\/a>\n\t\t<\/li>\n\t\t<li>\n\t\t\t<a class=\"highlight\" href=\"http:\/\/nersc.no\/tekniske-rapporter\/\" title=\"G\u00e5 til Tekniske rapporter\">\n\t\t\t\t<span class=\"name\">Tekniske rapporter<\/span><img decoding=\"async\" src=\"\/wp-content\/themes\/ppcore\/assets\/images\/green-arrow.svg\" alt=\"Pil icon\" aria-hidden=\"true\">\n\t\t\t<\/a>\n\t\t<\/li>\n\t\t<li>\n\t\t\t<a class=\"highlight\" href=\"http:\/\/nersc.no\/datasett\/\" title=\"G\u00e5 til Datasett\">\n\t\t\t\t<span class=\"name\">Datasett<\/span><img decoding=\"async\" src=\"\/wp-content\/themes\/ppcore\/assets\/images\/green-arrow.svg\" alt=\"Pil icon\" aria-hidden=\"true\">\n\t\t\t<\/a>\n\t\t<\/li><\/ul><\/div>[\/vc_column][vc_column width=&#8221;1\/3&#8243;][\/vc_column][\/vc_row][vc_row][vc_column]<div class=\"spacer\" style=\"--space-sm: 30px;--space-md: 30px;--space-lg: 30px;--space-xl: 30px;\"><\/div>[\/vc_column][\/vc_row]<\/p>\n<\/div>","protected":false},"excerpt":{"rendered":"<p>[vc_row disable_element=&#8221;yes&#8221;][vc_column][\/vc_column][\/vc_row][vc_row][vc_column][\/vc_column][\/vc_row][vc_row equal_height=&#8221;yes&#8221;][vc_column width=&#8221;1\/3&#8243;][\/vc_column][vc_column width=&#8221;1\/3&#8243;][\/vc_column][vc_column width=&#8221;1\/3&#8243;][\/vc_column][\/vc_row][vc_row equal_height=&#8221;yes&#8221;][vc_column width=&#8221;1\/3&#8243;][\/vc_column][vc_column width=&#8221;1\/3&#8243;][\/vc_column][vc_column width=&#8221;1\/3&#8243;][\/vc_column][\/vc_row][vc_row disable_element=&#8221;yes&#8221;][vc_column][\/vc_column][\/vc_row][vc_row equal_height=&#8221;yes&#8221; disable_element=&#8221;yes&#8221;][vc_column width=&#8221;1\/3&#8243;][\/vc_column][vc_column width=&#8221;1\/3&#8243;][\/vc_column][vc_column width=&#8221;1\/3&#8243;][\/vc_column][\/vc_row][vc_row][vc_column][\/vc_column][\/vc_row]<\/p>\n","protected":false},"author":4,"featured_media":0,"parent":0,"menu_order":0,"comment_status":"closed","ping_status":"closed","template":"","meta":{"_acf_changed":false,"_relevanssi_hide_post":"","_relevanssi_hide_content":"","_relevanssi_pin_for_all":"","_relevanssi_pin_keywords":"","_relevanssi_unpin_keywords":"","_relevanssi_related_keywords":"","_relevanssi_related_include_ids":"","_relevanssi_related_exclude_ids":"","_relevanssi_related_no_append":"","_relevanssi_related_not_related":"","_relevanssi_related_posts":"","_relevanssi_noindex_reason":"","footnotes":""},"class_list":["post-3254","page","type-page","status-publish","hentry"],"acf":[],"publishpress_future_action":{"enabled":false,"date":"2026-05-16 11:39:41","action":"change-status","newStatus":"draft","terms":[],"taxonomy":"translation_priority","extraData":[]},"publishpress_future_workflow_manual_trigger":{"enabledWorkflows":[]},"_links":{"self":[{"href":"https:\/\/nersc.no\/en\/wp-json\/wp\/v2\/pages\/3254","targetHints":{"allow":["GET"]}}],"collection":[{"href":"https:\/\/nersc.no\/en\/wp-json\/wp\/v2\/pages"}],"about":[{"href":"https:\/\/nersc.no\/en\/wp-json\/wp\/v2\/types\/page"}],"author":[{"embeddable":true,"href":"https:\/\/nersc.no\/en\/wp-json\/wp\/v2\/users\/4"}],"replies":[{"embeddable":true,"href":"https:\/\/nersc.no\/en\/wp-json\/wp\/v2\/comments?post=3254"}],"version-history":[{"count":11,"href":"https:\/\/nersc.no\/en\/wp-json\/wp\/v2\/pages\/3254\/revisions"}],"predecessor-version":[{"id":5383,"href":"https:\/\/nersc.no\/en\/wp-json\/wp\/v2\/pages\/3254\/revisions\/5383"}],"wp:attachment":[{"href":"https:\/\/nersc.no\/en\/wp-json\/wp\/v2\/media?parent=3254"}],"curies":[{"name":"wp","href":"https:\/\/api.w.org\/{rel}","templated":true}]}}